{"id":4767,"date":"2023-07-12T17:48:56","date_gmt":"2023-07-12T15:48:56","guid":{"rendered":"https:\/\/dickowvvs.dk\/wasser-heizung-sanitaer\/"},"modified":"2025-02-11T15:09:59","modified_gmt":"2025-02-11T14:09:59","slug":"wasser-heizung-sanitaer","status":"publish","type":"page","link":"https:\/\/dickowvvs.dk\/de\/wasser-heizung-sanitaer\/","title":{"rendered":"Wasser, Heizung &amp; Sanit\u00e4r"},"content":{"rendered":"<section class=\"wpb-content-wrapper\"><p>[vc_row full_width=&#8220;stretch_row&#8220;][vc_column]<div class=\"ult-spacer spacer-69f2542eabc4f\" data-id=\"69f2542eabc4f\" data-height=\"90\" data-height-mobile=\"60\" data-height-tab=\"90\" data-height-tab-portrait=\"60\" data-height-mobile-landscape=\"60\" style=\"clear:both;display:block;\"><\/div>[vc_column_text]<\/p>\n<h2>Wasser, Heizung &amp; Sanit\u00e4r &#8211; VVS auf Lolland<\/h2>\n<h4>Alle Arten von Klempnerarbeiten werden auf Lolland und Falster mit gro\u00dfem Sachverstand ausgef\u00fchrt. Wir haben Klempnerarbeiten in Nakskov, Kragemose und S\u00f8llested durchgef\u00fchrt. M\u00fcssen Sie die Mischbatterie ersetzen, die Toilette reparieren oder den Wasserhahn reparieren? Dickow&#8217;s VVS verf\u00fcgt \u00fcber umfangreiche Erfahrungen mit allen Arten von Wasser-, Heizungs- und Sanit\u00e4raufgaben.<\/h4>\n<p>[\/vc_column_text][vc_empty_space height=&#8220;30px&#8220;][vc_separator color=&#8220;custom&#8220; border_width=&#8220;2&#8243; accent_color=&#8220;#f7f7f7&#8243;][vc_empty_space height=&#8220;30px&#8220;][vc_row_inner][vc_column_inner width=&#8220;1\/2&#8243;][vc_column_text]<\/p>\n<h3>Pers\u00f6nlicher Kontakt zwischen Klempner und Kunde<\/h3>\n<p>Wir bieten unser Fachwissen f\u00fcr Privatpersonen, Unternehmen und Wohnungsbaugesellschaften an. Wir f\u00fchren gerne feste Servicevereinbarungen f\u00fcr Klempnerarbeiten durch, bei denen wir uns um die Wartung k\u00fcmmern und reagieren, wenn Notreparaturen erforderlich sind.<\/p>\n<p>Alle Aufgaben werden auf der Grundlage der W\u00fcnsche und Bed\u00fcrfnisse unserer Kunden ausgef\u00fchrt. Wir legen Wert auf einen pers\u00f6nlichen Kontakt und einen gr\u00fcndlichen Dialog w\u00e4hrend des gesamten Prozesses, um die Erwartungen abzustimmen und ein gemeinsames Verst\u00e4ndnis des HLK-Auftrags oder der Vereinbarung zu erreichen.[\/vc_column_text]<div class=\"ult-spacer spacer-69f2542eabc99\" data-id=\"69f2542eabc99\" data-height=\"0\" data-height-mobile=\"15\" data-height-tab=\"0\" data-height-tab-portrait=\"0\" data-height-mobile-landscape=\"15\" style=\"clear:both;display:block;\"><\/div>[\/vc_column_inner][vc_column_inner width=&#8220;1\/2&#8243;][vc_column_text]<\/p>\n<h3>Ein unverbindliches Angebot<\/h3>\n<p>Die Zufriedenheit unserer Kunden steht f\u00fcr uns an erster Stelle. Deshalb ist es unser Ziel, den hohen Standards gerecht zu werden, f\u00fcr die wir seit der Gr\u00fcndung des Unternehmens bei allen unseren Sanit\u00e4rarbeiten bekannt sind.<\/p>\n<p>Selbstverst\u00e4ndlich bem\u00fchen wir uns, alle vereinbarten Bedingungen, Lieferzeiten und Preise einzuhalten. Und wir sind jederzeit bereit, \u00fcber Ihr Projekt zu sprechen.<\/p>\n<p>Wir unterbreiten Ihnen gerne ein unverbindliches Angebot. Schildern Sie uns Ihre Aufgabenstellung \u00fcber das Kontaktformular oder rufen Sie uns an unter<br \/>\n<a title=\"Rufen Sie uns an!\" href=\"tel:+4551260435\">51 26 04 35.<\/a>[\/vc_column_text][\/vc_column_inner][\/vc_row_inner]<div class=\"ult-spacer spacer-69f2542eabcbf\" data-id=\"69f2542eabcbf\" data-height=\"90\" data-height-mobile=\"60\" data-height-tab=\"90\" data-height-tab-portrait=\"60\" data-height-mobile-landscape=\"60\" style=\"clear:both;display:block;\"><\/div>[\/vc_column][\/vc_row][vc_row full_width=&#8220;stretch_row&#8220; el_class=&#8220;overlay white cta&#8220; css=&#8220;.vc_custom_1689178841618{background-image: url(https:\/\/dickowvvs.dk\/wp-content\/uploads\/2023\/07\/istock-1395783982.jpg?id=4548) !important;background-position: center !important;background-repeat: no-repeat !important;background-size: cover !important;}&#8220;][vc_column]<div class=\"ult-spacer spacer-69f2542eabcde\" data-id=\"69f2542eabcde\" data-height=\"90\" data-height-mobile=\"60\" data-height-tab=\"90\" data-height-tab-portrait=\"60\" data-height-mobile-landscape=\"60\" style=\"clear:both;display:block;\"><\/div>[vc_row_inner][vc_column_inner width=&#8220;1\/4&#8243;][\/vc_column_inner][vc_column_inner width=&#8220;1\/2&#8243;][vc_column_text]<\/p>\n<h6 style=\"text-align: center;\">Kontaktieren Sie uns heute<\/h6>\n<h3 style=\"text-align: center;\">M\u00f6chten Sie mehr erfahren?<\/h3>\n<p style=\"text-align: center;\">Wenn Sie auf unserer Website keine ausreichenden Informationen zu Ihrer gew\u00fcnschten Aufgabe finden, k\u00f6nnen Sie uns jederzeit f\u00fcr ein unverbindliches Gespr\u00e4ch und m\u00f6glicherweise einen Kostenvoranschlag f\u00fcr den Auftrag kontaktieren.<\/p>\n<p style=\"text-align: center;\">Rufen Sie uns an unter <a href=\"tel:51260435\">(+45) 51 26 04 35<\/a> oder senden Sie eine E-Mail an <a href=\"mailto:steffen@dickowvvsogkloak.dk\">steffen@dickowvvsogkloak.dk.<\/a> Wir werden Ihre Anfrage so schnell wie m\u00f6glich beantworten.<\/p>\n<p>[\/vc_column_text][vc_empty_space height=&#8220;30px&#8220;][vc_btn title=&#8220;Erhalten Sie ein tolles Angebot&#8220; style=&#8220;custom&#8220; custom_background=&#8220;#fc5623&#8243; custom_text=&#8220;#ffffff&#8220; shape=&#8220;square&#8220; align=&#8220;center&#8220; link=&#8220;url:https%3A%2F%2Fdickowvvs.dk%2Fkontakt%2F|title:Kontaktieren%20Sie%20uns|&#8220;][\/vc_column_inner][vc_column_inner width=&#8220;1\/4&#8243;][\/vc_column_inner][\/vc_row_inner]<div class=\"ult-spacer spacer-69f2542eabcfb\" data-id=\"69f2542eabcfb\" data-height=\"90\" data-height-mobile=\"60\" data-height-tab=\"90\" data-height-tab-portrait=\"60\" data-height-mobile-landscape=\"60\" style=\"clear:both;display:block;\"><\/div>[\/vc_column][\/vc_row]<\/p>\n<\/section>","protected":false},"excerpt":{"rendered":"<p>[vc_row full_width=&#8220;stretch_row&#8220;][vc_column][vc_column_text] Wasser, Heizung &amp; Sanit\u00e4r &#8211; VVS auf Lolland Alle Arten von Klempnerarbeiten werden auf Lolland und Falster mit gro\u00dfem Sachverstand ausgef\u00fchrt. Wir haben Klempnerarbeiten in Nakskov, Kragemose und S\u00f8llested durchgef\u00fchrt. M\u00fcssen Sie die Mischbatterie ersetzen, die Toilette reparieren oder den Wasserhahn reparieren? Dickow&#8217;s VVS verf\u00fcgt \u00fcber umfangreiche Erfahrungen mit allen Arten von Wasser-, &#8230; <a title=\"Wasser, Heizung &amp; Sanit\u00e4r\" class=\"read-more\" href=\"https:\/\/dickowvvs.dk\/de\/wasser-heizung-sanitaer\/\" aria-label=\"Mehr zu Wasser, Heizung &amp; Sanit\u00e4r\">Weiterlesen &#8230;<\/a><\/p>\n","protected":false},"author":1,"featured_media":0,"parent":0,"menu_order":3,"comment_status":"closed","ping_status":"closed","template":"","meta":{"footnotes":""},"categories":[],"acf":[],"yoast_head":"<!-- This site is optimized with the Yoast SEO plugin v24.5 - https:\/\/yoast.com\/wordpress\/plugins\/seo\/ -->\n<title>Wasser, Heizung &amp; Sanit\u00e4r | DICKOWS VVS &amp; KLOAK<\/title>\n<meta name=\"robots\" content=\"index, follow, max-snippet:-1, max-image-preview:large, max-video-preview:-1\" \/>\n<link rel=\"canonical\" href=\"https:\/\/dickowvvs.dk\/de\/wasser-heizung-sanitaer\/\" \/>\n<meta property=\"og:locale\" content=\"de_DE\" \/>\n<meta property=\"og:type\" content=\"article\" \/>\n<meta property=\"og:title\" content=\"Wasser, Heizung &amp; Sanit\u00e4r | DICKOWS VVS &amp; KLOAK\" \/>\n<meta property=\"og:description\" content=\"[vc_row full_width=&#8220;stretch_row&#8220;][vc_column][vc_column_text] Wasser, Heizung &amp; Sanit\u00e4r &#8211; VVS auf Lolland Alle Arten von Klempnerarbeiten werden auf Lolland und Falster mit gro\u00dfem Sachverstand ausgef\u00fchrt. Wir haben Klempnerarbeiten in Nakskov, Kragemose und S\u00f8llested durchgef\u00fchrt. M\u00fcssen Sie die Mischbatterie ersetzen, die Toilette reparieren oder den Wasserhahn reparieren? Dickow&#8217;s VVS verf\u00fcgt \u00fcber umfangreiche Erfahrungen mit allen Arten von Wasser-, ... Weiterlesen ...\" \/>\n<meta property=\"og:url\" content=\"https:\/\/dickowvvs.dk\/de\/wasser-heizung-sanitaer\/\" \/>\n<meta property=\"og:site_name\" content=\"DICKOWS VVS &amp; KLOAK\" \/>\n<meta property=\"article:modified_time\" content=\"2025-02-11T14:09:59+00:00\" \/>\n<meta name=\"twitter:card\" content=\"summary_large_image\" \/>\n<meta name=\"twitter:label1\" content=\"Gesch\u00e4tzte Lesezeit\" \/>\n\t<meta name=\"twitter:data1\" content=\"3\u00a0Minuten\" \/>\n<script type=\"application\/ld+json\" class=\"yoast-schema-graph\">{\"@context\":\"https:\/\/schema.org\",\"@graph\":[{\"@type\":\"WebPage\",\"@id\":\"https:\/\/dickowvvs.dk\/de\/wasser-heizung-sanitaer\/\",\"url\":\"https:\/\/dickowvvs.dk\/de\/wasser-heizung-sanitaer\/\",\"name\":\"Wasser, Heizung &amp; Sanit\u00e4r | DICKOWS VVS &amp; KLOAK\",\"isPartOf\":{\"@id\":\"https:\/\/dickowvvs.dk\/de\/#website\"},\"datePublished\":\"2023-07-12T15:48:56+00:00\",\"dateModified\":\"2025-02-11T14:09:59+00:00\",\"breadcrumb\":{\"@id\":\"https:\/\/dickowvvs.dk\/de\/wasser-heizung-sanitaer\/#breadcrumb\"},\"inLanguage\":\"de\",\"potentialAction\":[{\"@type\":\"ReadAction\",\"target\":[\"https:\/\/dickowvvs.dk\/de\/wasser-heizung-sanitaer\/\"]}]},{\"@type\":\"BreadcrumbList\",\"@id\":\"https:\/\/dickowvvs.dk\/de\/wasser-heizung-sanitaer\/#breadcrumb\",\"itemListElement\":[{\"@type\":\"ListItem\",\"position\":1,\"name\":\"Hjem\",\"item\":\"https:\/\/dickowvvs.dk\/de\/\"},{\"@type\":\"ListItem\",\"position\":2,\"name\":\"Wasser, Heizung &amp; Sanit\u00e4r\"}]},{\"@type\":\"WebSite\",\"@id\":\"https:\/\/dickowvvs.dk\/de\/#website\",\"url\":\"https:\/\/dickowvvs.dk\/de\/\",\"name\":\"DICKOWS VVS &amp; KLOAK\",\"description\":\"VVS og varmel\u00f8sninger i Nakskov og Lolland - Varmepumper, pillefyr og jordvarmeanl\u00e6g\",\"publisher\":{\"@id\":\"https:\/\/dickowvvs.dk\/de\/#organization\"},\"potentialAction\":[{\"@type\":\"SearchAction\",\"target\":{\"@type\":\"EntryPoint\",\"urlTemplate\":\"https:\/\/dickowvvs.dk\/de\/?s={search_term_string}\"},\"query-input\":{\"@type\":\"PropertyValueSpecification\",\"valueRequired\":true,\"valueName\":\"search_term_string\"}}],\"inLanguage\":\"de\"},{\"@type\":\"Organization\",\"@id\":\"https:\/\/dickowvvs.dk\/de\/#organization\",\"name\":\"DICKOWS VVS &amp; KLOAK\",\"url\":\"https:\/\/dickowvvs.dk\/de\/\",\"logo\":{\"@type\":\"ImageObject\",\"inLanguage\":\"de\",\"@id\":\"https:\/\/dickowvvs.dk\/de\/#\/schema\/logo\/image\/\",\"url\":\"https:\/\/dickowvvs.dk\/wp-content\/uploads\/2023\/07\/header-logo-10.jpg\",\"contentUrl\":\"https:\/\/dickowvvs.dk\/wp-content\/uploads\/2023\/07\/header-logo-10.jpg\",\"width\":250,\"height\":85,\"caption\":\"DICKOWS VVS &amp; KLOAK\"},\"image\":{\"@id\":\"https:\/\/dickowvvs.dk\/de\/#\/schema\/logo\/image\/\"}}]}<\/script>\n<!-- \/ Yoast SEO plugin. -->","yoast_head_json":{"title":"Wasser, Heizung &amp; Sanit\u00e4r | DICKOWS VVS &amp; KLOAK","robots":{"index":"index","follow":"follow","max-snippet":"max-snippet:-1","max-image-preview":"max-image-preview:large","max-video-preview":"max-video-preview:-1"},"canonical":"https:\/\/dickowvvs.dk\/de\/wasser-heizung-sanitaer\/","og_locale":"de_DE","og_type":"article","og_title":"Wasser, Heizung &amp; Sanit\u00e4r | DICKOWS VVS &amp; KLOAK","og_description":"[vc_row full_width=&#8220;stretch_row&#8220;][vc_column][vc_column_text] Wasser, Heizung &amp; Sanit\u00e4r &#8211; VVS auf Lolland Alle Arten von Klempnerarbeiten werden auf Lolland und Falster mit gro\u00dfem Sachverstand ausgef\u00fchrt. Wir haben Klempnerarbeiten in Nakskov, Kragemose und S\u00f8llested durchgef\u00fchrt. M\u00fcssen Sie die Mischbatterie ersetzen, die Toilette reparieren oder den Wasserhahn reparieren? Dickow&#8217;s VVS verf\u00fcgt \u00fcber umfangreiche Erfahrungen mit allen Arten von Wasser-, ... Weiterlesen ...","og_url":"https:\/\/dickowvvs.dk\/de\/wasser-heizung-sanitaer\/","og_site_name":"DICKOWS VVS &amp; KLOAK","article_modified_time":"2025-02-11T14:09:59+00:00","twitter_card":"summary_large_image","twitter_misc":{"Gesch\u00e4tzte Lesezeit":"3\u00a0Minuten"},"schema":{"@context":"https:\/\/schema.org","@graph":[{"@type":"WebPage","@id":"https:\/\/dickowvvs.dk\/de\/wasser-heizung-sanitaer\/","url":"https:\/\/dickowvvs.dk\/de\/wasser-heizung-sanitaer\/","name":"Wasser, Heizung &amp; Sanit\u00e4r | DICKOWS VVS &amp; KLOAK","isPartOf":{"@id":"https:\/\/dickowvvs.dk\/de\/#website"},"datePublished":"2023-07-12T15:48:56+00:00","dateModified":"2025-02-11T14:09:59+00:00","breadcrumb":{"@id":"https:\/\/dickowvvs.dk\/de\/wasser-heizung-sanitaer\/#breadcrumb"},"inLanguage":"de","potentialAction":[{"@type":"ReadAction","target":["https:\/\/dickowvvs.dk\/de\/wasser-heizung-sanitaer\/"]}]},{"@type":"BreadcrumbList","@id":"https:\/\/dickowvvs.dk\/de\/wasser-heizung-sanitaer\/#breadcrumb","itemListElement":[{"@type":"ListItem","position":1,"name":"Hjem","item":"https:\/\/dickowvvs.dk\/de\/"},{"@type":"ListItem","position":2,"name":"Wasser, Heizung &amp; Sanit\u00e4r"}]},{"@type":"WebSite","@id":"https:\/\/dickowvvs.dk\/de\/#website","url":"https:\/\/dickowvvs.dk\/de\/","name":"DICKOWS VVS &amp; KLOAK","description":"VVS og varmel\u00f8sninger i Nakskov og Lolland - Varmepumper, pillefyr og jordvarmeanl\u00e6g","publisher":{"@id":"https:\/\/dickowvvs.dk\/de\/#organization"},"potentialAction":[{"@type":"SearchAction","target":{"@type":"EntryPoint","urlTemplate":"https:\/\/dickowvvs.dk\/de\/?s={search_term_string}"},"query-input":{"@type":"PropertyValueSpecification","valueRequired":true,"valueName":"search_term_string"}}],"inLanguage":"de"},{"@type":"Organization","@id":"https:\/\/dickowvvs.dk\/de\/#organization","name":"DICKOWS VVS &amp; KLOAK","url":"https:\/\/dickowvvs.dk\/de\/","logo":{"@type":"ImageObject","inLanguage":"de","@id":"https:\/\/dickowvvs.dk\/de\/#\/schema\/logo\/image\/","url":"https:\/\/dickowvvs.dk\/wp-content\/uploads\/2023\/07\/header-logo-10.jpg","contentUrl":"https:\/\/dickowvvs.dk\/wp-content\/uploads\/2023\/07\/header-logo-10.jpg","width":250,"height":85,"caption":"DICKOWS VVS &amp; KLOAK"},"image":{"@id":"https:\/\/dickowvvs.dk\/de\/#\/schema\/logo\/image\/"}}]}},"_links":{"self":[{"href":"https:\/\/dickowvvs.dk\/de\/wp-json\/wp\/v2\/pages\/4767"}],"collection":[{"href":"https:\/\/dickowvvs.dk\/de\/wp-json\/wp\/v2\/pages"}],"about":[{"href":"https:\/\/dickowvvs.dk\/de\/wp-json\/wp\/v2\/types\/page"}],"author":[{"embeddable":true,"href":"https:\/\/dickowvvs.dk\/de\/wp-json\/wp\/v2\/users\/1"}],"replies":[{"embeddable":true,"href":"https:\/\/dickowvvs.dk\/de\/wp-json\/wp\/v2\/comments?post=4767"}],"version-history":[{"count":6,"href":"https:\/\/dickowvvs.dk\/de\/wp-json\/wp\/v2\/pages\/4767\/revisions"}],"predecessor-version":[{"id":4776,"href":"https:\/\/dickowvvs.dk\/de\/wp-json\/wp\/v2\/pages\/4767\/revisions\/4776"}],"wp:attachment":[{"href":"https:\/\/dickowvvs.dk\/de\/wp-json\/wp\/v2\/media?parent=4767"}],"wp:term":[{"taxonomy":"category","embeddable":true,"href":"https:\/\/dickowvvs.dk\/de\/wp-json\/wp\/v2\/categories?post=4767"}],"curies":[{"name":"wp","href":"https:\/\/api.w.org\/{rel}","templated":true}]}}