{"id":4760,"date":"2023-07-12T17:48:58","date_gmt":"2023-07-12T15:48:58","guid":{"rendered":"https:\/\/dickowvvs.dk\/geothermische-heizung\/"},"modified":"2025-02-11T15:09:44","modified_gmt":"2025-02-11T14:09:44","slug":"geothermische-heizung","status":"publish","type":"page","link":"https:\/\/dickowvvs.dk\/de\/geothermische-heizung\/","title":{"rendered":"Geothermische Heizung"},"content":{"rendered":"<section class=\"wpb-content-wrapper\"><p>[vc_row full_width=&#8220;stretch_row&#8220;][vc_column]<div class=\"ult-spacer spacer-69f24404d3b60\" data-id=\"69f24404d3b60\" data-height=\"90\" data-height-mobile=\"60\" data-height-tab=\"90\" data-height-tab-portrait=\"60\" data-height-mobile-landscape=\"60\" style=\"clear:both;display:block;\"><\/div>[vc_column_text]<\/p>\n<h2>Geothermische Heizung auf Lolland und Falster<\/h2>\n<h4>Dickows VVS &amp; Kloak bietet die komplette Installation von Erdw\u00e4rmeheizungen an, einschlie\u00dflich Rohrverlegung auf Lolland und Falster.<\/h4>\n<p>[\/vc_column_text][vc_empty_space height=&#8220;30px&#8220;][vc_separator color=&#8220;custom&#8220; border_width=&#8220;2&#8243; accent_color=&#8220;#f7f7f7&#8243;][vc_empty_space height=&#8220;30px&#8220;][vc_row_inner][vc_column_inner width=&#8220;1\/2&#8243;][vc_column_text]<\/p>\n<h3>Umweltfreundliche &amp; g\u00fcnstige Erdw\u00e4rmeheizung auf Seeland und Lolland-Falster<\/h3>\n<p>Die meisten Hausbesitzer k\u00f6nnen ihre Heizkosten durch die Installation einer geothermischen Heizung senken.<\/p>\n<p>Es ist nicht ungew\u00f6hnlich, dass die Heizkosten einer Immobilie um 50% gesenkt werden k\u00f6nnen.<\/p>\n<p>Wenn Sie dann noch ein System erhalten, das sehr kosteng\u00fcnstig in der Wartung ist und Sie helfen, die Umwelt zu sch\u00fctzen, sind die Vorteile der Installation einer geothermischen Heizung insgesamt enorm.<\/p>\n<p>Dickows VVS verf\u00fcgt \u00fcber umfangreiche Erfahrungen bei der Installation von Erdw\u00e4rmeheizungen, einschlie\u00dflich Betrieb und Wartung von W\u00e4rmepumpen.<\/p>\n<p>Deshalb kommen wir gerne zu Ihnen und pr\u00fcfen die M\u00f6glichkeiten einer geothermischen Heizung auf Ihrem Grundst\u00fcck. Wenn wir uns Ihre Immobilie ansehen, werden wir nat\u00fcrlich auch pr\u00fcfen, ob eine geothermische Heizung f\u00fcr Sie geeignet ist oder ob es andere L\u00f6sungen gibt, die besser zu Ihrer Situation passen.<\/p>\n<p>Um die richtige Entscheidung zu treffen, ist eine Gesamtbewertung der Isolierung, der Heizk\u00f6rper und der Grundst\u00fccksgr\u00f6\u00dfe erforderlich.<\/p>\n<p>Rufen Sie uns an unter <a href=\"tel:51260435\">51 26 04 35<\/a>, um herauszufinden, ob eine geothermische Heizung das Richtige f\u00fcr Sie ist. Wir erstellen Ihnen gerne ein kostenloses und unverbindliches Angebot.<\/p>\n<p>Sie k\u00f6nnen auch <a href=\"https:\/\/dickowvvs.dk\/kontakt\/\">das Kontaktformular<\/a> verwenden und wir werden uns so schnell wie m\u00f6glich bei Ihnen melden.[\/vc_column_text]<div class=\"ult-spacer spacer-69f24404d3ba4\" data-id=\"69f24404d3ba4\" data-height=\"0\" data-height-mobile=\"15\" data-height-tab=\"0\" data-height-tab-portrait=\"0\" data-height-mobile-landscape=\"15\" style=\"clear:both;display:block;\"><\/div>[\/vc_column_inner][vc_column_inner width=&#8220;1\/2&#8243;][vc_column_text]<\/p>\n<h3>Was ist eine geothermische Heizung?<\/h3>\n<p>Ein geothermisches Heizsystem besteht aus Rohren und einer W\u00e4rmepumpe und ist daher ein geschlossenes System, das bei ordnungsgem\u00e4\u00dfer Wartung der W\u00e4rmepumpe wenig Wartung erfordert.<\/p>\n<p>Normalerweise reicht es aus, die W\u00e4rmepumpe einmal im Jahr zu \u00fcberpr\u00fcfen und den Filter zu reinigen. Langfristig m\u00fcssen Sie jedoch vielleicht eine kleine Reparatur durchf\u00fchren.<\/p>\n<p>Dickows VVS bietet W\u00e4rmepumpenservice in Verbindung mit geothermischer Heizung auf Seeland.<\/p>\n<p>Die Erdw\u00e4rmepumpe besteht aus einem Verdampfer, einem Verfl\u00fcssiger, einem Kompressor und einem Kugelventil, die zusammen W\u00e4rme aufnehmen, W\u00e4rme abgeben, die Temperatur erh\u00f6hen und die Menge des K\u00e4ltemittels regulieren.<\/p>\n<p>Der einzige Nachteil bei der Installation einer geothermischen Heizung in \u00e4lteren Immobilien ist, dass die Immobilie f\u00fcr die Beheizung einigerma\u00dfen gut isoliert sein muss.<\/p>\n<p>Dar\u00fcber hinaus m\u00fcssen die Heizk\u00f6rper gro\u00df genug sein, um die Hitze zu bew\u00e4ltigen.[\/vc_column_text][\/vc_column_inner][\/vc_row_inner]<div class=\"ult-spacer spacer-69f24404d3bc8\" data-id=\"69f24404d3bc8\" data-height=\"90\" data-height-mobile=\"60\" data-height-tab=\"90\" data-height-tab-portrait=\"60\" data-height-mobile-landscape=\"60\" style=\"clear:both;display:block;\"><\/div>[\/vc_column][\/vc_row][vc_row full_width=&#8220;stretch_row&#8220; el_class=&#8220;overlay white cta&#8220; css=&#8220;.vc_custom_1689178841618{background-image: url(https:\/\/dickowvvs.dk\/wp-content\/uploads\/2023\/07\/istock-1395783982.jpg?id=4548) !important;background-position: center !important;background-repeat: no-repeat !important;background-size: cover !important;}&#8220;][vc_column]<div class=\"ult-spacer spacer-69f24404d3be7\" data-id=\"69f24404d3be7\" data-height=\"90\" data-height-mobile=\"60\" data-height-tab=\"90\" data-height-tab-portrait=\"60\" data-height-mobile-landscape=\"60\" style=\"clear:both;display:block;\"><\/div>[vc_row_inner][vc_column_inner width=&#8220;1\/4&#8243;][\/vc_column_inner][vc_column_inner width=&#8220;1\/2&#8243;][vc_column_text]<\/p>\n<h6 style=\"text-align: center;\">Kontaktieren Sie uns heute<\/h6>\n<h3 style=\"text-align: center;\">M\u00f6chten Sie mehr erfahren?<\/h3>\n<p style=\"text-align: center;\">Wenn Sie auf unserer Website keine ausreichenden Informationen zu Ihrer gew\u00fcnschten Aufgabe finden, k\u00f6nnen Sie uns jederzeit f\u00fcr ein unverbindliches Gespr\u00e4ch und m\u00f6glicherweise einen Kostenvoranschlag f\u00fcr den Auftrag kontaktieren.<\/p>\n<p style=\"text-align: center;\">Rufen Sie uns an unter <a href=\"tel:51260435\">(+45) 51 26 04 35<\/a> oder senden Sie eine E-Mail an <a href=\"mailto:steffen@dickowvvsogkloak.dk\">steffen@dickowvvsogkloak.dk.<\/a> Wir werden Ihre Anfrage so schnell wie m\u00f6glich beantworten.<\/p>\n<p>[\/vc_column_text][vc_empty_space height=&#8220;30px&#8220;][vc_btn title=&#8220;Erhalten Sie ein tolles Angebot&#8220; style=&#8220;custom&#8220; custom_background=&#8220;#fc5623&#8243; custom_text=&#8220;#ffffff&#8220; shape=&#8220;square&#8220; align=&#8220;center&#8220; link=&#8220;url:https%3A%2F%2Fdickowvvs.dk%2Fkontakt%2F|title:Kontaktieren%20Sie%20uns|&#8220;][\/vc_column_inner][vc_column_inner width=&#8220;1\/4&#8243;][\/vc_column_inner][\/vc_row_inner]<div class=\"ult-spacer spacer-69f24404d3c02\" data-id=\"69f24404d3c02\" data-height=\"90\" data-height-mobile=\"60\" data-height-tab=\"90\" data-height-tab-portrait=\"60\" data-height-mobile-landscape=\"60\" style=\"clear:both;display:block;\"><\/div>[\/vc_column][\/vc_row]<\/p>\n<\/section>","protected":false},"excerpt":{"rendered":"<p>[vc_row full_width=&#8220;stretch_row&#8220;][vc_column][vc_column_text] Geothermische Heizung auf Lolland und Falster Dickows VVS &amp; Kloak bietet die komplette Installation von Erdw\u00e4rmeheizungen an, einschlie\u00dflich Rohrverlegung auf Lolland und Falster. [\/vc_column_text][vc_empty_space height=&#8220;30px&#8220;][vc_separator color=&#8220;custom&#8220; border_width=&#8220;2&#8243; accent_color=&#8220;#f7f7f7&#8243;][vc_empty_space height=&#8220;30px&#8220;][vc_row_inner][vc_column_inner width=&#8220;1\/2&#8243;][vc_column_text] Umweltfreundliche &amp; g\u00fcnstige Erdw\u00e4rmeheizung auf Seeland und Lolland-Falster Die meisten Hausbesitzer k\u00f6nnen ihre Heizkosten durch die Installation einer geothermischen Heizung senken. Es ist &#8230; <a title=\"Geothermische Heizung\" class=\"read-more\" href=\"https:\/\/dickowvvs.dk\/de\/geothermische-heizung\/\" aria-label=\"Mehr zu Geothermische Heizung\">Weiterlesen &#8230;<\/a><\/p>\n","protected":false},"author":1,"featured_media":0,"parent":0,"menu_order":7,"comment_status":"closed","ping_status":"closed","template":"","meta":{"footnotes":""},"categories":[],"acf":[],"yoast_head":"<!-- This site is optimized with the Yoast SEO plugin v24.5 - https:\/\/yoast.com\/wordpress\/plugins\/seo\/ -->\n<title>Geothermische Heizung | DICKOWS VVS &amp; KLOAK<\/title>\n<meta name=\"robots\" content=\"index, follow, max-snippet:-1, max-image-preview:large, max-video-preview:-1\" \/>\n<link rel=\"canonical\" href=\"https:\/\/dickowvvs.dk\/de\/geothermische-heizung\/\" \/>\n<meta property=\"og:locale\" content=\"de_DE\" \/>\n<meta property=\"og:type\" content=\"article\" \/>\n<meta property=\"og:title\" content=\"Geothermische Heizung | DICKOWS VVS &amp; KLOAK\" \/>\n<meta property=\"og:description\" content=\"[vc_row full_width=&#8220;stretch_row&#8220;][vc_column][vc_column_text] Geothermische Heizung auf Lolland und Falster Dickows VVS &amp; Kloak bietet die komplette Installation von Erdw\u00e4rmeheizungen an, einschlie\u00dflich Rohrverlegung auf Lolland und Falster. [\/vc_column_text][vc_empty_space height=&#8220;30px&#8220;][vc_separator color=&#8220;custom&#8220; border_width=&#8220;2&#8243; accent_color=&#8220;#f7f7f7&#8243;][vc_empty_space height=&#8220;30px&#8220;][vc_row_inner][vc_column_inner width=&#8220;1\/2&#8243;][vc_column_text] Umweltfreundliche &amp; g\u00fcnstige Erdw\u00e4rmeheizung auf Seeland und Lolland-Falster Die meisten Hausbesitzer k\u00f6nnen ihre Heizkosten durch die Installation einer geothermischen Heizung senken. Es ist ... Weiterlesen ...\" \/>\n<meta property=\"og:url\" content=\"https:\/\/dickowvvs.dk\/de\/geothermische-heizung\/\" \/>\n<meta property=\"og:site_name\" content=\"DICKOWS VVS &amp; KLOAK\" \/>\n<meta property=\"article:modified_time\" content=\"2025-02-11T14:09:44+00:00\" \/>\n<meta name=\"twitter:card\" content=\"summary_large_image\" \/>\n<meta name=\"twitter:label1\" content=\"Gesch\u00e4tzte Lesezeit\" \/>\n\t<meta name=\"twitter:data1\" content=\"4\u00a0Minuten\" \/>\n<script type=\"application\/ld+json\" class=\"yoast-schema-graph\">{\"@context\":\"https:\/\/schema.org\",\"@graph\":[{\"@type\":\"WebPage\",\"@id\":\"https:\/\/dickowvvs.dk\/de\/geothermische-heizung\/\",\"url\":\"https:\/\/dickowvvs.dk\/de\/geothermische-heizung\/\",\"name\":\"Geothermische Heizung | DICKOWS VVS &amp; KLOAK\",\"isPartOf\":{\"@id\":\"https:\/\/dickowvvs.dk\/de\/#website\"},\"datePublished\":\"2023-07-12T15:48:58+00:00\",\"dateModified\":\"2025-02-11T14:09:44+00:00\",\"breadcrumb\":{\"@id\":\"https:\/\/dickowvvs.dk\/de\/geothermische-heizung\/#breadcrumb\"},\"inLanguage\":\"de\",\"potentialAction\":[{\"@type\":\"ReadAction\",\"target\":[\"https:\/\/dickowvvs.dk\/de\/geothermische-heizung\/\"]}]},{\"@type\":\"BreadcrumbList\",\"@id\":\"https:\/\/dickowvvs.dk\/de\/geothermische-heizung\/#breadcrumb\",\"itemListElement\":[{\"@type\":\"ListItem\",\"position\":1,\"name\":\"Hjem\",\"item\":\"https:\/\/dickowvvs.dk\/de\/\"},{\"@type\":\"ListItem\",\"position\":2,\"name\":\"Geothermische Heizung\"}]},{\"@type\":\"WebSite\",\"@id\":\"https:\/\/dickowvvs.dk\/de\/#website\",\"url\":\"https:\/\/dickowvvs.dk\/de\/\",\"name\":\"DICKOWS VVS &amp; KLOAK\",\"description\":\"VVS og varmel\u00f8sninger i Nakskov og Lolland - Varmepumper, pillefyr og jordvarmeanl\u00e6g\",\"publisher\":{\"@id\":\"https:\/\/dickowvvs.dk\/de\/#organization\"},\"potentialAction\":[{\"@type\":\"SearchAction\",\"target\":{\"@type\":\"EntryPoint\",\"urlTemplate\":\"https:\/\/dickowvvs.dk\/de\/?s={search_term_string}\"},\"query-input\":{\"@type\":\"PropertyValueSpecification\",\"valueRequired\":true,\"valueName\":\"search_term_string\"}}],\"inLanguage\":\"de\"},{\"@type\":\"Organization\",\"@id\":\"https:\/\/dickowvvs.dk\/de\/#organization\",\"name\":\"DICKOWS VVS &amp; KLOAK\",\"url\":\"https:\/\/dickowvvs.dk\/de\/\",\"logo\":{\"@type\":\"ImageObject\",\"inLanguage\":\"de\",\"@id\":\"https:\/\/dickowvvs.dk\/de\/#\/schema\/logo\/image\/\",\"url\":\"https:\/\/dickowvvs.dk\/wp-content\/uploads\/2023\/07\/header-logo-10.jpg\",\"contentUrl\":\"https:\/\/dickowvvs.dk\/wp-content\/uploads\/2023\/07\/header-logo-10.jpg\",\"width\":250,\"height\":85,\"caption\":\"DICKOWS VVS &amp; KLOAK\"},\"image\":{\"@id\":\"https:\/\/dickowvvs.dk\/de\/#\/schema\/logo\/image\/\"}}]}<\/script>\n<!-- \/ Yoast SEO plugin. -->","yoast_head_json":{"title":"Geothermische Heizung | DICKOWS VVS &amp; KLOAK","robots":{"index":"index","follow":"follow","max-snippet":"max-snippet:-1","max-image-preview":"max-image-preview:large","max-video-preview":"max-video-preview:-1"},"canonical":"https:\/\/dickowvvs.dk\/de\/geothermische-heizung\/","og_locale":"de_DE","og_type":"article","og_title":"Geothermische Heizung | DICKOWS VVS &amp; KLOAK","og_description":"[vc_row full_width=&#8220;stretch_row&#8220;][vc_column][vc_column_text] Geothermische Heizung auf Lolland und Falster Dickows VVS &amp; Kloak bietet die komplette Installation von Erdw\u00e4rmeheizungen an, einschlie\u00dflich Rohrverlegung auf Lolland und Falster. [\/vc_column_text][vc_empty_space height=&#8220;30px&#8220;][vc_separator color=&#8220;custom&#8220; border_width=&#8220;2&#8243; accent_color=&#8220;#f7f7f7&#8243;][vc_empty_space height=&#8220;30px&#8220;][vc_row_inner][vc_column_inner width=&#8220;1\/2&#8243;][vc_column_text] Umweltfreundliche &amp; g\u00fcnstige Erdw\u00e4rmeheizung auf Seeland und Lolland-Falster Die meisten Hausbesitzer k\u00f6nnen ihre Heizkosten durch die Installation einer geothermischen Heizung senken. Es ist ... Weiterlesen ...","og_url":"https:\/\/dickowvvs.dk\/de\/geothermische-heizung\/","og_site_name":"DICKOWS VVS &amp; KLOAK","article_modified_time":"2025-02-11T14:09:44+00:00","twitter_card":"summary_large_image","twitter_misc":{"Gesch\u00e4tzte Lesezeit":"4\u00a0Minuten"},"schema":{"@context":"https:\/\/schema.org","@graph":[{"@type":"WebPage","@id":"https:\/\/dickowvvs.dk\/de\/geothermische-heizung\/","url":"https:\/\/dickowvvs.dk\/de\/geothermische-heizung\/","name":"Geothermische Heizung | DICKOWS VVS &amp; KLOAK","isPartOf":{"@id":"https:\/\/dickowvvs.dk\/de\/#website"},"datePublished":"2023-07-12T15:48:58+00:00","dateModified":"2025-02-11T14:09:44+00:00","breadcrumb":{"@id":"https:\/\/dickowvvs.dk\/de\/geothermische-heizung\/#breadcrumb"},"inLanguage":"de","potentialAction":[{"@type":"ReadAction","target":["https:\/\/dickowvvs.dk\/de\/geothermische-heizung\/"]}]},{"@type":"BreadcrumbList","@id":"https:\/\/dickowvvs.dk\/de\/geothermische-heizung\/#breadcrumb","itemListElement":[{"@type":"ListItem","position":1,"name":"Hjem","item":"https:\/\/dickowvvs.dk\/de\/"},{"@type":"ListItem","position":2,"name":"Geothermische Heizung"}]},{"@type":"WebSite","@id":"https:\/\/dickowvvs.dk\/de\/#website","url":"https:\/\/dickowvvs.dk\/de\/","name":"DICKOWS VVS &amp; KLOAK","description":"VVS og varmel\u00f8sninger i Nakskov og Lolland - Varmepumper, pillefyr og jordvarmeanl\u00e6g","publisher":{"@id":"https:\/\/dickowvvs.dk\/de\/#organization"},"potentialAction":[{"@type":"SearchAction","target":{"@type":"EntryPoint","urlTemplate":"https:\/\/dickowvvs.dk\/de\/?s={search_term_string}"},"query-input":{"@type":"PropertyValueSpecification","valueRequired":true,"valueName":"search_term_string"}}],"inLanguage":"de"},{"@type":"Organization","@id":"https:\/\/dickowvvs.dk\/de\/#organization","name":"DICKOWS VVS &amp; KLOAK","url":"https:\/\/dickowvvs.dk\/de\/","logo":{"@type":"ImageObject","inLanguage":"de","@id":"https:\/\/dickowvvs.dk\/de\/#\/schema\/logo\/image\/","url":"https:\/\/dickowvvs.dk\/wp-content\/uploads\/2023\/07\/header-logo-10.jpg","contentUrl":"https:\/\/dickowvvs.dk\/wp-content\/uploads\/2023\/07\/header-logo-10.jpg","width":250,"height":85,"caption":"DICKOWS VVS &amp; KLOAK"},"image":{"@id":"https:\/\/dickowvvs.dk\/de\/#\/schema\/logo\/image\/"}}]}},"_links":{"self":[{"href":"https:\/\/dickowvvs.dk\/de\/wp-json\/wp\/v2\/pages\/4760"}],"collection":[{"href":"https:\/\/dickowvvs.dk\/de\/wp-json\/wp\/v2\/pages"}],"about":[{"href":"https:\/\/dickowvvs.dk\/de\/wp-json\/wp\/v2\/types\/page"}],"author":[{"embeddable":true,"href":"https:\/\/dickowvvs.dk\/de\/wp-json\/wp\/v2\/users\/1"}],"replies":[{"embeddable":true,"href":"https:\/\/dickowvvs.dk\/de\/wp-json\/wp\/v2\/comments?post=4760"}],"version-history":[{"count":1,"href":"https:\/\/dickowvvs.dk\/de\/wp-json\/wp\/v2\/pages\/4760\/revisions"}],"predecessor-version":[{"id":4764,"href":"https:\/\/dickowvvs.dk\/de\/wp-json\/wp\/v2\/pages\/4760\/revisions\/4764"}],"wp:attachment":[{"href":"https:\/\/dickowvvs.dk\/de\/wp-json\/wp\/v2\/media?parent=4760"}],"wp:term":[{"taxonomy":"category","embeddable":true,"href":"https:\/\/dickowvvs.dk\/de\/wp-json\/wp\/v2\/categories?post=4760"}],"curies":[{"name":"wp","href":"https:\/\/api.w.org\/{rel}","templated":true}]}}