{"id":4752,"date":"2023-07-12T17:48:56","date_gmt":"2023-07-12T15:48:56","guid":{"rendered":"https:\/\/dickowvvs.dk\/wer-wir-sind\/"},"modified":"2025-02-24T10:51:49","modified_gmt":"2025-02-24T09:51:49","slug":"wer-wir-sind","status":"publish","type":"page","link":"https:\/\/dickowvvs.dk\/de\/wer-wir-sind\/","title":{"rendered":"Wer wir sind"},"content":{"rendered":"<section class=\"wpb-content-wrapper\"><p>[vc_row full_width=&#8220;stretch_row&#8220;][vc_column]<div class=\"ult-spacer spacer-69f243e3b6e06\" data-id=\"69f243e3b6e06\" data-height=\"90\" data-height-mobile=\"60\" data-height-tab=\"90\" data-height-tab-portrait=\"60\" data-height-mobile-landscape=\"60\" style=\"clear:both;display:block;\"><\/div>[vc_column_text]<\/p>\n<h2>Autorisierter Klempner<\/h2>\n<h4>Dickows VVS og Kloak bei Nakskov auf Lolland und Falster zeichnet sich durch Qualit\u00e4t, Service und Gr\u00fcndlichkeit aus. Wir sind ein professionelles Sanit\u00e4runternehmen mit umfassender Erfahrung in einer Vielzahl von Aufgaben. Von Toilettenreparaturen und der Installation von Scotte-Pelletkesseln bis hin zu gr\u00f6\u00dferen Renovierungen und Neubauprojekten k\u00fcmmern wir uns um gro\u00dfe und kleine Auftr\u00e4ge.<\/h4>\n<p>[\/vc_column_text][vc_empty_space height=&#8220;30px&#8220;][vc_separator color=&#8220;custom&#8220; border_width=&#8220;2&#8243; accent_color=&#8220;#f7f7f7&#8243;][vc_empty_space height=&#8220;30px&#8220;][vc_row_inner][vc_column_inner width=&#8220;1\/2&#8243;][vc_column_text]<\/p>\n<h3>Fokus auf Qualit\u00e4t und Vereinbarungen<\/h3>\n<p><strong>Wir legen Wert auf Qualit\u00e4t &#8211; unabh\u00e4ngig von Art und Umfang des Auftrags.<\/strong><\/p>\n<p>Wir \u00fcbernehmen Aufgaben in den Bereichen W\u00e4rmepumpen, Scotte-Pelletkessel, Fernw\u00e4rme, geothermische Heizung sowie Wasser, Heizung und Sanit\u00e4r. Au\u00dferdem legen wir gro\u00dfen Wert auf den pers\u00f6nlichen Kontakt zu unseren Kunden. Und bei unserer Arbeit als Klempner machen wir lieber ein bisschen zu viel als ein bisschen zu wenig.<\/p>\n<p>Mit anderen Worten: Wir halten immer unser Wort und kommen nat\u00fcrlich p\u00fcnktlich. Wir sind sicher, dass dies einer der Gr\u00fcnde ist, warum wir von unseren Kunden oft als Klempner empfohlen werden.<\/p>\n<p>M\u00f6chten Sie mehr dar\u00fcber erfahren, was wir als Klempner anbieten k\u00f6nnen? Dann sind Sie bei <a href=\"https:\/\/dickowvvs.dk\/kontakt\/\">uns<\/a> jederzeit willkommen.<\/p>\n<p>Sie k\u00f6nnen uns \u00fcber das Kontaktformular schreiben oder uns unter <a href=\"tel:51260435\">51 26 04 35<\/a> anrufen.[\/vc_column_text]<div class=\"ult-spacer spacer-69f243e3b6e55\" data-id=\"69f243e3b6e55\" data-height=\"0\" data-height-mobile=\"15\" data-height-tab=\"0\" data-height-tab-portrait=\"0\" data-height-mobile-landscape=\"15\" style=\"clear:both;display:block;\"><\/div>[\/vc_column_inner][vc_column_inner width=&#8220;1\/2&#8243;][vc_column_text]<\/p>\n<h3>Umfassende Erfahrung als Klempner<\/h3>\n<p>Steffen Dickow ist der Klempner hinter Dickows VVS og Kloak, das 2008 gegr\u00fcndet wurde. Zuvor sammelte Steffen Dickow Erfahrungen als Klempner in verschiedenen kleinen und gro\u00dfen Unternehmen.<\/p>\n<p>Alle unsere Mitarbeiter sind qualifiziert und verf\u00fcgen \u00fcber umfassende Fachkenntnisse in der Klempnerbranche. Und wir halten uns auf unserem Gebiet auf dem Laufenden, so dass wir immer \u00fcber das neueste Wissen verf\u00fcgen.<\/p>\n<p>So k\u00f6nnen wir unseren Kunden die neuesten Techniken anbieten.[\/vc_column_text][vc_empty_space height=&#8220;30px&#8220;][vc_btn title=&#8220;Kontaktieren Sie uns heute&#8220; style=&#8220;custom&#8220; custom_background=&#8220;#fc5623&#8243; custom_text=&#8220;#ffffff&#8220; shape=&#8220;square&#8220; align=&#8220;left&#8220; link=&#8220;url:https%3A%2F%2Fdickowvvs.dk%2Fde%2Fkontaktieren-sie-uns%2F|title:Kontaktieren%20Sie%20uns&#8220;][\/vc_column_inner][\/vc_row_inner]<div class=\"ult-spacer spacer-69f243e3b6e7e\" data-id=\"69f243e3b6e7e\" data-height=\"90\" data-height-mobile=\"60\" data-height-tab=\"90\" data-height-tab-portrait=\"60\" data-height-mobile-landscape=\"60\" style=\"clear:both;display:block;\"><\/div>[\/vc_column][\/vc_row][vc_row full_width=&#8220;stretch_row&#8220; el_class=&#8220;overlay white cta&#8220; css=&#8220;.vc_custom_1689178841618{background-image: url(https:\/\/dickowvvs.dk\/wp-content\/uploads\/2023\/07\/istock-1395783982.jpg?id=4548) !important;background-position: center !important;background-repeat: no-repeat !important;background-size: cover !important;}&#8220;][vc_column]<div class=\"ult-spacer spacer-69f243e3b6ea1\" data-id=\"69f243e3b6ea1\" data-height=\"90\" data-height-mobile=\"60\" data-height-tab=\"90\" data-height-tab-portrait=\"60\" data-height-mobile-landscape=\"60\" style=\"clear:both;display:block;\"><\/div>[vc_row_inner][vc_column_inner width=&#8220;1\/4&#8243;][\/vc_column_inner][vc_column_inner width=&#8220;1\/2&#8243;][vc_column_text]<\/p>\n<h6 style=\"text-align: center;\">Kontaktieren Sie uns heute<\/h6>\n<h3 style=\"text-align: center;\">M\u00f6chten Sie mehr erfahren?<\/h3>\n<p style=\"text-align: center;\">Wenn Sie auf unserer Website keine ausreichenden Informationen zu Ihrer gew\u00fcnschten Aufgabe finden, k\u00f6nnen Sie uns jederzeit f\u00fcr ein unverbindliches Gespr\u00e4ch und m\u00f6glicherweise einen Kostenvoranschlag f\u00fcr den Auftrag kontaktieren.<\/p>\n<p style=\"text-align: center;\">Rufen Sie uns an unter <a href=\"tel:51260435\">(+45) 51 26 04 35<\/a> oder senden Sie eine E-Mail an <a href=\"mailto:steffen@dickowvvsogkloak.dk\">steffen@dickowvvsogkloak.dk.<\/a> Wir werden Ihre Anfrage so schnell wie m\u00f6glich beantworten.<\/p>\n<p>[\/vc_column_text][vc_empty_space height=&#8220;30px&#8220;][vc_btn title=&#8220;Erhalten Sie ein tolles Angebot&#8220; style=&#8220;custom&#8220; custom_background=&#8220;#fc5623&#8243; custom_text=&#8220;#ffffff&#8220; shape=&#8220;square&#8220; align=&#8220;center&#8220; link=&#8220;url:https%3A%2F%2Fdickowvvs.dk%2Fde%2Fkontaktieren-sie-uns%2F|title:Kontaktieren%20Sie%20uns&#8220;][\/vc_column_inner][vc_column_inner width=&#8220;1\/4&#8243;][\/vc_column_inner][\/vc_row_inner]<div class=\"ult-spacer spacer-69f243e3b6ed0\" data-id=\"69f243e3b6ed0\" data-height=\"90\" data-height-mobile=\"60\" data-height-tab=\"90\" data-height-tab-portrait=\"60\" data-height-mobile-landscape=\"60\" style=\"clear:both;display:block;\"><\/div>[\/vc_column][\/vc_row]<\/p>\n<\/section>","protected":false},"excerpt":{"rendered":"<p>[vc_row full_width=&#8220;stretch_row&#8220;][vc_column][vc_column_text] Autorisierter Klempner Dickows VVS og Kloak bei Nakskov auf Lolland und Falster zeichnet sich durch Qualit\u00e4t, Service und Gr\u00fcndlichkeit aus. Wir sind ein professionelles Sanit\u00e4runternehmen mit umfassender Erfahrung in einer Vielzahl von Aufgaben. Von Toilettenreparaturen und der Installation von Scotte-Pelletkesseln bis hin zu gr\u00f6\u00dferen Renovierungen und Neubauprojekten k\u00fcmmern wir uns um gro\u00dfe und &#8230; <a title=\"Wer wir sind\" class=\"read-more\" href=\"https:\/\/dickowvvs.dk\/de\/wer-wir-sind\/\" aria-label=\"Mehr zu Wer wir sind\">Weiterlesen &#8230;<\/a><\/p>\n","protected":false},"author":1,"featured_media":0,"parent":0,"menu_order":1,"comment_status":"closed","ping_status":"closed","template":"","meta":{"footnotes":""},"categories":[],"acf":[],"yoast_head":"<!-- This site is optimized with the Yoast SEO plugin v24.5 - https:\/\/yoast.com\/wordpress\/plugins\/seo\/ -->\n<title>Wer wir sind | DICKOWS VVS &amp; KLOAK<\/title>\n<meta name=\"robots\" content=\"index, follow, max-snippet:-1, max-image-preview:large, max-video-preview:-1\" \/>\n<link rel=\"canonical\" href=\"https:\/\/dickowvvs.dk\/de\/wer-wir-sind\/\" \/>\n<meta property=\"og:locale\" content=\"de_DE\" \/>\n<meta property=\"og:type\" content=\"article\" \/>\n<meta property=\"og:title\" content=\"Wer wir sind | DICKOWS VVS &amp; KLOAK\" \/>\n<meta property=\"og:description\" content=\"[vc_row full_width=&#8220;stretch_row&#8220;][vc_column][vc_column_text] Autorisierter Klempner Dickows VVS og Kloak bei Nakskov auf Lolland und Falster zeichnet sich durch Qualit\u00e4t, Service und Gr\u00fcndlichkeit aus. Wir sind ein professionelles Sanit\u00e4runternehmen mit umfassender Erfahrung in einer Vielzahl von Aufgaben. Von Toilettenreparaturen und der Installation von Scotte-Pelletkesseln bis hin zu gr\u00f6\u00dferen Renovierungen und Neubauprojekten k\u00fcmmern wir uns um gro\u00dfe und ... Weiterlesen ...\" \/>\n<meta property=\"og:url\" content=\"https:\/\/dickowvvs.dk\/de\/wer-wir-sind\/\" \/>\n<meta property=\"og:site_name\" content=\"DICKOWS VVS &amp; KLOAK\" \/>\n<meta property=\"article:modified_time\" content=\"2025-02-24T09:51:49+00:00\" \/>\n<meta name=\"twitter:card\" content=\"summary_large_image\" \/>\n<meta name=\"twitter:label1\" content=\"Gesch\u00e4tzte Lesezeit\" \/>\n\t<meta name=\"twitter:data1\" content=\"3\u00a0Minuten\" \/>\n<script type=\"application\/ld+json\" class=\"yoast-schema-graph\">{\"@context\":\"https:\/\/schema.org\",\"@graph\":[{\"@type\":\"WebPage\",\"@id\":\"https:\/\/dickowvvs.dk\/de\/wer-wir-sind\/\",\"url\":\"https:\/\/dickowvvs.dk\/de\/wer-wir-sind\/\",\"name\":\"Wer wir sind | DICKOWS VVS &amp; KLOAK\",\"isPartOf\":{\"@id\":\"https:\/\/dickowvvs.dk\/de\/#website\"},\"datePublished\":\"2023-07-12T15:48:56+00:00\",\"dateModified\":\"2025-02-24T09:51:49+00:00\",\"breadcrumb\":{\"@id\":\"https:\/\/dickowvvs.dk\/de\/wer-wir-sind\/#breadcrumb\"},\"inLanguage\":\"de\",\"potentialAction\":[{\"@type\":\"ReadAction\",\"target\":[\"https:\/\/dickowvvs.dk\/de\/wer-wir-sind\/\"]}]},{\"@type\":\"BreadcrumbList\",\"@id\":\"https:\/\/dickowvvs.dk\/de\/wer-wir-sind\/#breadcrumb\",\"itemListElement\":[{\"@type\":\"ListItem\",\"position\":1,\"name\":\"Hjem\",\"item\":\"https:\/\/dickowvvs.dk\/de\/\"},{\"@type\":\"ListItem\",\"position\":2,\"name\":\"Wer wir sind\"}]},{\"@type\":\"WebSite\",\"@id\":\"https:\/\/dickowvvs.dk\/de\/#website\",\"url\":\"https:\/\/dickowvvs.dk\/de\/\",\"name\":\"DICKOWS VVS &amp; KLOAK\",\"description\":\"VVS og varmel\u00f8sninger i Nakskov og Lolland - Varmepumper, pillefyr og jordvarmeanl\u00e6g\",\"publisher\":{\"@id\":\"https:\/\/dickowvvs.dk\/de\/#organization\"},\"potentialAction\":[{\"@type\":\"SearchAction\",\"target\":{\"@type\":\"EntryPoint\",\"urlTemplate\":\"https:\/\/dickowvvs.dk\/de\/?s={search_term_string}\"},\"query-input\":{\"@type\":\"PropertyValueSpecification\",\"valueRequired\":true,\"valueName\":\"search_term_string\"}}],\"inLanguage\":\"de\"},{\"@type\":\"Organization\",\"@id\":\"https:\/\/dickowvvs.dk\/de\/#organization\",\"name\":\"DICKOWS VVS &amp; KLOAK\",\"url\":\"https:\/\/dickowvvs.dk\/de\/\",\"logo\":{\"@type\":\"ImageObject\",\"inLanguage\":\"de\",\"@id\":\"https:\/\/dickowvvs.dk\/de\/#\/schema\/logo\/image\/\",\"url\":\"https:\/\/dickowvvs.dk\/wp-content\/uploads\/2023\/07\/header-logo-10.jpg\",\"contentUrl\":\"https:\/\/dickowvvs.dk\/wp-content\/uploads\/2023\/07\/header-logo-10.jpg\",\"width\":250,\"height\":85,\"caption\":\"DICKOWS VVS &amp; KLOAK\"},\"image\":{\"@id\":\"https:\/\/dickowvvs.dk\/de\/#\/schema\/logo\/image\/\"}}]}<\/script>\n<!-- \/ Yoast SEO plugin. -->","yoast_head_json":{"title":"Wer wir sind | DICKOWS VVS &amp; KLOAK","robots":{"index":"index","follow":"follow","max-snippet":"max-snippet:-1","max-image-preview":"max-image-preview:large","max-video-preview":"max-video-preview:-1"},"canonical":"https:\/\/dickowvvs.dk\/de\/wer-wir-sind\/","og_locale":"de_DE","og_type":"article","og_title":"Wer wir sind | DICKOWS VVS &amp; KLOAK","og_description":"[vc_row full_width=&#8220;stretch_row&#8220;][vc_column][vc_column_text] Autorisierter Klempner Dickows VVS og Kloak bei Nakskov auf Lolland und Falster zeichnet sich durch Qualit\u00e4t, Service und Gr\u00fcndlichkeit aus. Wir sind ein professionelles Sanit\u00e4runternehmen mit umfassender Erfahrung in einer Vielzahl von Aufgaben. Von Toilettenreparaturen und der Installation von Scotte-Pelletkesseln bis hin zu gr\u00f6\u00dferen Renovierungen und Neubauprojekten k\u00fcmmern wir uns um gro\u00dfe und ... Weiterlesen ...","og_url":"https:\/\/dickowvvs.dk\/de\/wer-wir-sind\/","og_site_name":"DICKOWS VVS &amp; KLOAK","article_modified_time":"2025-02-24T09:51:49+00:00","twitter_card":"summary_large_image","twitter_misc":{"Gesch\u00e4tzte Lesezeit":"3\u00a0Minuten"},"schema":{"@context":"https:\/\/schema.org","@graph":[{"@type":"WebPage","@id":"https:\/\/dickowvvs.dk\/de\/wer-wir-sind\/","url":"https:\/\/dickowvvs.dk\/de\/wer-wir-sind\/","name":"Wer wir sind | DICKOWS VVS &amp; KLOAK","isPartOf":{"@id":"https:\/\/dickowvvs.dk\/de\/#website"},"datePublished":"2023-07-12T15:48:56+00:00","dateModified":"2025-02-24T09:51:49+00:00","breadcrumb":{"@id":"https:\/\/dickowvvs.dk\/de\/wer-wir-sind\/#breadcrumb"},"inLanguage":"de","potentialAction":[{"@type":"ReadAction","target":["https:\/\/dickowvvs.dk\/de\/wer-wir-sind\/"]}]},{"@type":"BreadcrumbList","@id":"https:\/\/dickowvvs.dk\/de\/wer-wir-sind\/#breadcrumb","itemListElement":[{"@type":"ListItem","position":1,"name":"Hjem","item":"https:\/\/dickowvvs.dk\/de\/"},{"@type":"ListItem","position":2,"name":"Wer wir sind"}]},{"@type":"WebSite","@id":"https:\/\/dickowvvs.dk\/de\/#website","url":"https:\/\/dickowvvs.dk\/de\/","name":"DICKOWS VVS &amp; KLOAK","description":"VVS og varmel\u00f8sninger i Nakskov og Lolland - Varmepumper, pillefyr og jordvarmeanl\u00e6g","publisher":{"@id":"https:\/\/dickowvvs.dk\/de\/#organization"},"potentialAction":[{"@type":"SearchAction","target":{"@type":"EntryPoint","urlTemplate":"https:\/\/dickowvvs.dk\/de\/?s={search_term_string}"},"query-input":{"@type":"PropertyValueSpecification","valueRequired":true,"valueName":"search_term_string"}}],"inLanguage":"de"},{"@type":"Organization","@id":"https:\/\/dickowvvs.dk\/de\/#organization","name":"DICKOWS VVS &amp; KLOAK","url":"https:\/\/dickowvvs.dk\/de\/","logo":{"@type":"ImageObject","inLanguage":"de","@id":"https:\/\/dickowvvs.dk\/de\/#\/schema\/logo\/image\/","url":"https:\/\/dickowvvs.dk\/wp-content\/uploads\/2023\/07\/header-logo-10.jpg","contentUrl":"https:\/\/dickowvvs.dk\/wp-content\/uploads\/2023\/07\/header-logo-10.jpg","width":250,"height":85,"caption":"DICKOWS VVS &amp; KLOAK"},"image":{"@id":"https:\/\/dickowvvs.dk\/de\/#\/schema\/logo\/image\/"}}]}},"_links":{"self":[{"href":"https:\/\/dickowvvs.dk\/de\/wp-json\/wp\/v2\/pages\/4752"}],"collection":[{"href":"https:\/\/dickowvvs.dk\/de\/wp-json\/wp\/v2\/pages"}],"about":[{"href":"https:\/\/dickowvvs.dk\/de\/wp-json\/wp\/v2\/types\/page"}],"author":[{"embeddable":true,"href":"https:\/\/dickowvvs.dk\/de\/wp-json\/wp\/v2\/users\/1"}],"replies":[{"embeddable":true,"href":"https:\/\/dickowvvs.dk\/de\/wp-json\/wp\/v2\/comments?post=4752"}],"version-history":[{"count":3,"href":"https:\/\/dickowvvs.dk\/de\/wp-json\/wp\/v2\/pages\/4752\/revisions"}],"predecessor-version":[{"id":4817,"href":"https:\/\/dickowvvs.dk\/de\/wp-json\/wp\/v2\/pages\/4752\/revisions\/4817"}],"wp:attachment":[{"href":"https:\/\/dickowvvs.dk\/de\/wp-json\/wp\/v2\/media?parent=4752"}],"wp:term":[{"taxonomy":"category","embeddable":true,"href":"https:\/\/dickowvvs.dk\/de\/wp-json\/wp\/v2\/categories?post=4752"}],"curies":[{"name":"wp","href":"https:\/\/api.w.org\/{rel}","templated":true}]}}