{"id":4723,"date":"2023-07-12T17:48:58","date_gmt":"2023-07-12T15:48:58","guid":{"rendered":"https:\/\/dickowvvs.dk\/fernwaerme\/"},"modified":"2025-02-11T15:09:43","modified_gmt":"2025-02-11T14:09:43","slug":"fernwaerme","status":"publish","type":"page","link":"https:\/\/dickowvvs.dk\/de\/fernwaerme\/","title":{"rendered":"Fernw\u00e4rme"},"content":{"rendered":"<section class=\"wpb-content-wrapper\"><p>[vc_row full_width=&#8220;stretch_row&#8220;][vc_column]<div class=\"ult-spacer spacer-69f2442169fae\" data-id=\"69f2442169fae\" data-height=\"90\" data-height-mobile=\"60\" data-height-tab=\"90\" data-height-tab-portrait=\"60\" data-height-mobile-landscape=\"60\" style=\"clear:both;display:block;\"><\/div>[vc_column_text]<\/p>\n<h2>Fernw\u00e4rmesysteme installiert und repariert<\/h2>\n<h4>Bei Dickows VVS og Kloak in der N\u00e4he von Nakskov f\u00fchren wir die Neuinstallation und Reparatur von Fernw\u00e4rme auf Seeland und Lolland Falster durch.<\/h4>\n<p>[\/vc_column_text][vc_empty_space height=&#8220;30px&#8220;][vc_separator color=&#8220;custom&#8220; border_width=&#8220;2&#8243; accent_color=&#8220;#f7f7f7&#8243;][vc_empty_space height=&#8220;30px&#8220;][vc_row_inner][vc_column_inner width=&#8220;1\/2&#8243;][vc_column_text]<\/p>\n<h3>Welche Vorteile hat die Installation eines Fernw\u00e4rmesystems?<\/h3>\n<p>Die Umstellung von einem \u00d6lkessel auf Fernw\u00e4rme kann zum Beispiel mehrere Vorteile haben.<\/p>\n<p>Erstens ist die Nutzung von Fernw\u00e4rme im Haushalt viel umweltfreundlicher, da sie energieeffizienter ist. Gleichzeitig lassen sich mit Fernw\u00e4rme auf Seeland gute finanzielle Einsparungen erzielen.<\/p>\n<h3>Neue Fernw\u00e4rmeinstallation oder Reparatur?<\/h3>\n<p>Bei Dickows VVS og Kloak f\u00fchren wir alle Arbeiten im Bereich Fernw\u00e4rme aus.<\/p>\n<p>Wir stehen Ihnen jederzeit mit unserem Fachwissen zur Verf\u00fcgung, sei es bei der Installation neuer Fernw\u00e4rme, der Wartung von Fernw\u00e4rme oder der Reparatur Ihres Fernw\u00e4rmesystems. Wir besuchen auch gerne Ihren Haushalt, um uns die M\u00f6glichkeiten anzusehen. Auf diese Weise k\u00f6nnen wir Sie auch \u00fcber die beste L\u00f6sung f\u00fcr Sie und Ihre Immobilie beraten.<\/p>\n<p>Wenn Sie eine Beratung zu neuen Installationen oder Reparaturen ben\u00f6tigen, ist es wichtig, dass der HVAC-Installateur in der Lage ist, Ihre W\u00fcnsche und Bed\u00fcrfnisse in Bezug auf Fernw\u00e4rme zu ber\u00fccksichtigen.<\/p>\n<p>Wenn Sie sich zum Beispiel f\u00fcr eine Investition in Fernw\u00e4rme entscheiden, ist dies eine langfristige L\u00f6sung. Es ist daher wichtig, dass Sie eine Entscheidung treffen, die auch langfristig tragf\u00e4hig ist.<\/p>\n<p>Dank unserer Erfahrung k\u00f6nnen Sie sich auf unsere Einsch\u00e4tzungen verlassen. Z\u00f6gern Sie also nicht, sich beraten zu lassen oder ein g\u00fcnstiges Angebot einzuholen.[\/vc_column_text]<div class=\"ult-spacer spacer-69f2442169fff\" data-id=\"69f2442169fff\" data-height=\"0\" data-height-mobile=\"15\" data-height-tab=\"0\" data-height-tab-portrait=\"0\" data-height-mobile-landscape=\"15\" style=\"clear:both;display:block;\"><\/div>[\/vc_column_inner][vc_column_inner width=&#8220;1\/2&#8243;][vc_column_text]<\/p>\n<h3>Wir legen Wert auf Gr\u00fcndlichkeit, Qualit\u00e4t und guten Service<\/h3>\n<p>Gr\u00fcndlichkeit, Qualit\u00e4t und guter Service stehen bei uns immer an erster Stelle, egal ob es sich um einen gro\u00dfen oder kleinen Auftrag handelt.<\/p>\n<p>Bevor wir ein Projekt abschlie\u00dfen, werfen wir einen zweiten Blick darauf, um sicherzustellen, dass alles an Ihrer Fernw\u00e4rme in Lolland und Falster so ist, wie es sein sollte und wie vereinbart.<\/p>\n<h3>Was kostet die Fernw\u00e4rme?<\/h3>\n<p>Fernw\u00e4rme ist in der Regel g\u00fcnstig, aber wie g\u00fcnstig die Preise sind, h\u00e4ngt davon ab, wo Sie wohnen.<\/p>\n<p>M\u00f6chten Sie mehr dar\u00fcber erfahren, was wir im Bereich Fernw\u00e4rme anbieten k\u00f6nnen? Dann k\u00f6nnen Sie uns jederzeit gerne telefonisch unter <a href=\"tel:51260435\">51 26 04 35<\/a> kontaktieren.<\/p>\n<p>Sie k\u00f6nnen uns auch eine Beschreibung Ihrer W\u00fcnsche und Bed\u00fcrfnisse \u00fcber <a href=\"https:\/\/dickowvvs.dk\/de\/kontaktieren-sie-uns\/\">das Kontaktformular<\/a> auf dieser Website schicken und wir werden uns so schnell wie m\u00f6glich bei Ihnen melden.[\/vc_column_text][\/vc_column_inner][\/vc_row_inner]<div class=\"ult-spacer spacer-69f244216a024\" data-id=\"69f244216a024\" data-height=\"90\" data-height-mobile=\"60\" data-height-tab=\"90\" data-height-tab-portrait=\"60\" data-height-mobile-landscape=\"60\" style=\"clear:both;display:block;\"><\/div>[\/vc_column][\/vc_row][vc_row full_width=&#8220;stretch_row&#8220; el_class=&#8220;overlay white cta&#8220; css=&#8220;.vc_custom_1689178841618{background-image: url(https:\/\/dickowvvs.dk\/wp-content\/uploads\/2023\/07\/istock-1395783982.jpg?id=4548) !important;background-position: center !important;background-repeat: no-repeat !important;background-size: cover !important;}&#8220;][vc_column]<div class=\"ult-spacer spacer-69f244216a044\" data-id=\"69f244216a044\" data-height=\"90\" data-height-mobile=\"60\" data-height-tab=\"90\" data-height-tab-portrait=\"60\" data-height-mobile-landscape=\"60\" style=\"clear:both;display:block;\"><\/div>[vc_row_inner][vc_column_inner width=&#8220;1\/4&#8243;][\/vc_column_inner][vc_column_inner width=&#8220;1\/2&#8243;][vc_column_text]<\/p>\n<h6 style=\"text-align: center;\">Kontaktieren Sie uns heute<\/h6>\n<h3 style=\"text-align: center;\">M\u00f6chten Sie mehr erfahren?<\/h3>\n<p style=\"text-align: center;\">Wenn Sie auf unserer Website keine ausreichenden Informationen zu Ihrer gew\u00fcnschten Aufgabe finden, k\u00f6nnen Sie uns jederzeit f\u00fcr ein unverbindliches Gespr\u00e4ch und m\u00f6glicherweise einen Kostenvoranschlag f\u00fcr den Auftrag kontaktieren.<\/p>\n<p style=\"text-align: center;\">Rufen Sie uns an unter <a href=\"tel:51260435\">(+45) 51 26 04 35<\/a> oder senden Sie eine E-Mail an <a href=\"mailto:steffen@dickowvvsogkloak.dk\">steffen@dickowvvsogkloak.dk.<\/a> Wir werden Ihre Anfrage so schnell wie m\u00f6glich beantworten.<\/p>\n<p>[\/vc_column_text][vc_empty_space height=&#8220;30px&#8220;][vc_btn title=&#8220;Erhalten Sie ein tolles Angebot&#8220; style=&#8220;custom&#8220; custom_background=&#8220;#fc5623&#8243; custom_text=&#8220;#ffffff&#8220; shape=&#8220;square&#8220; align=&#8220;center&#8220; link=&#8220;url:https%3A%2F%2Fdickowvvs.dk%2Fkontakt%2F|title:Kontaktieren%20Sie%20uns|&#8220;][\/vc_column_inner][vc_column_inner width=&#8220;1\/4&#8243;][\/vc_column_inner][\/vc_row_inner]<div class=\"ult-spacer spacer-69f244216a060\" data-id=\"69f244216a060\" data-height=\"90\" data-height-mobile=\"60\" data-height-tab=\"90\" data-height-tab-portrait=\"60\" data-height-mobile-landscape=\"60\" style=\"clear:both;display:block;\"><\/div>[\/vc_column][\/vc_row]<\/p>\n<\/section>","protected":false},"excerpt":{"rendered":"<p>[vc_row full_width=&#8220;stretch_row&#8220;][vc_column][vc_column_text] Fernw\u00e4rmesysteme installiert und repariert Bei Dickows VVS og Kloak in der N\u00e4he von Nakskov f\u00fchren wir die Neuinstallation und Reparatur von Fernw\u00e4rme auf Seeland und Lolland Falster durch. [\/vc_column_text][vc_empty_space height=&#8220;30px&#8220;][vc_separator color=&#8220;custom&#8220; border_width=&#8220;2&#8243; accent_color=&#8220;#f7f7f7&#8243;][vc_empty_space height=&#8220;30px&#8220;][vc_row_inner][vc_column_inner width=&#8220;1\/2&#8243;][vc_column_text] Welche Vorteile hat die Installation eines Fernw\u00e4rmesystems? Die Umstellung von einem \u00d6lkessel auf Fernw\u00e4rme kann zum Beispiel mehrere &#8230; <a title=\"Fernw\u00e4rme\" class=\"read-more\" href=\"https:\/\/dickowvvs.dk\/de\/fernwaerme\/\" aria-label=\"Mehr zu Fernw\u00e4rme\">Weiterlesen &#8230;<\/a><\/p>\n","protected":false},"author":1,"featured_media":0,"parent":0,"menu_order":8,"comment_status":"closed","ping_status":"closed","template":"","meta":{"footnotes":""},"categories":[],"acf":[],"yoast_head":"<!-- This site is optimized with the Yoast SEO plugin v24.5 - https:\/\/yoast.com\/wordpress\/plugins\/seo\/ -->\n<title>Fernw\u00e4rme | DICKOWS VVS &amp; KLOAK<\/title>\n<meta name=\"robots\" content=\"index, follow, max-snippet:-1, max-image-preview:large, max-video-preview:-1\" \/>\n<link rel=\"canonical\" href=\"https:\/\/dickowvvs.dk\/de\/fernwaerme\/\" \/>\n<meta property=\"og:locale\" content=\"de_DE\" \/>\n<meta property=\"og:type\" content=\"article\" \/>\n<meta property=\"og:title\" content=\"Fernw\u00e4rme | DICKOWS VVS &amp; KLOAK\" \/>\n<meta property=\"og:description\" content=\"[vc_row full_width=&#8220;stretch_row&#8220;][vc_column][vc_column_text] Fernw\u00e4rmesysteme installiert und repariert Bei Dickows VVS og Kloak in der N\u00e4he von Nakskov f\u00fchren wir die Neuinstallation und Reparatur von Fernw\u00e4rme auf Seeland und Lolland Falster durch. [\/vc_column_text][vc_empty_space height=&#8220;30px&#8220;][vc_separator color=&#8220;custom&#8220; border_width=&#8220;2&#8243; accent_color=&#8220;#f7f7f7&#8243;][vc_empty_space height=&#8220;30px&#8220;][vc_row_inner][vc_column_inner width=&#8220;1\/2&#8243;][vc_column_text] Welche Vorteile hat die Installation eines Fernw\u00e4rmesystems? Die Umstellung von einem \u00d6lkessel auf Fernw\u00e4rme kann zum Beispiel mehrere ... Weiterlesen ...\" \/>\n<meta property=\"og:url\" content=\"https:\/\/dickowvvs.dk\/de\/fernwaerme\/\" \/>\n<meta property=\"og:site_name\" content=\"DICKOWS VVS &amp; KLOAK\" \/>\n<meta property=\"article:modified_time\" content=\"2025-02-11T14:09:43+00:00\" \/>\n<meta name=\"twitter:card\" content=\"summary_large_image\" \/>\n<meta name=\"twitter:label1\" content=\"Gesch\u00e4tzte Lesezeit\" \/>\n\t<meta name=\"twitter:data1\" content=\"4\u00a0Minuten\" \/>\n<script type=\"application\/ld+json\" class=\"yoast-schema-graph\">{\"@context\":\"https:\/\/schema.org\",\"@graph\":[{\"@type\":\"WebPage\",\"@id\":\"https:\/\/dickowvvs.dk\/de\/fernwaerme\/\",\"url\":\"https:\/\/dickowvvs.dk\/de\/fernwaerme\/\",\"name\":\"Fernw\u00e4rme | DICKOWS VVS &amp; KLOAK\",\"isPartOf\":{\"@id\":\"https:\/\/dickowvvs.dk\/de\/#website\"},\"datePublished\":\"2023-07-12T15:48:58+00:00\",\"dateModified\":\"2025-02-11T14:09:43+00:00\",\"breadcrumb\":{\"@id\":\"https:\/\/dickowvvs.dk\/de\/fernwaerme\/#breadcrumb\"},\"inLanguage\":\"de\",\"potentialAction\":[{\"@type\":\"ReadAction\",\"target\":[\"https:\/\/dickowvvs.dk\/de\/fernwaerme\/\"]}]},{\"@type\":\"BreadcrumbList\",\"@id\":\"https:\/\/dickowvvs.dk\/de\/fernwaerme\/#breadcrumb\",\"itemListElement\":[{\"@type\":\"ListItem\",\"position\":1,\"name\":\"Hjem\",\"item\":\"https:\/\/dickowvvs.dk\/de\/\"},{\"@type\":\"ListItem\",\"position\":2,\"name\":\"Fernw\u00e4rme\"}]},{\"@type\":\"WebSite\",\"@id\":\"https:\/\/dickowvvs.dk\/de\/#website\",\"url\":\"https:\/\/dickowvvs.dk\/de\/\",\"name\":\"DICKOWS VVS &amp; KLOAK\",\"description\":\"VVS og varmel\u00f8sninger i Nakskov og Lolland - Varmepumper, pillefyr og jordvarmeanl\u00e6g\",\"publisher\":{\"@id\":\"https:\/\/dickowvvs.dk\/de\/#organization\"},\"potentialAction\":[{\"@type\":\"SearchAction\",\"target\":{\"@type\":\"EntryPoint\",\"urlTemplate\":\"https:\/\/dickowvvs.dk\/de\/?s={search_term_string}\"},\"query-input\":{\"@type\":\"PropertyValueSpecification\",\"valueRequired\":true,\"valueName\":\"search_term_string\"}}],\"inLanguage\":\"de\"},{\"@type\":\"Organization\",\"@id\":\"https:\/\/dickowvvs.dk\/de\/#organization\",\"name\":\"DICKOWS VVS &amp; KLOAK\",\"url\":\"https:\/\/dickowvvs.dk\/de\/\",\"logo\":{\"@type\":\"ImageObject\",\"inLanguage\":\"de\",\"@id\":\"https:\/\/dickowvvs.dk\/de\/#\/schema\/logo\/image\/\",\"url\":\"https:\/\/dickowvvs.dk\/wp-content\/uploads\/2023\/07\/header-logo-10.jpg\",\"contentUrl\":\"https:\/\/dickowvvs.dk\/wp-content\/uploads\/2023\/07\/header-logo-10.jpg\",\"width\":250,\"height\":85,\"caption\":\"DICKOWS VVS &amp; KLOAK\"},\"image\":{\"@id\":\"https:\/\/dickowvvs.dk\/de\/#\/schema\/logo\/image\/\"}}]}<\/script>\n<!-- \/ Yoast SEO plugin. -->","yoast_head_json":{"title":"Fernw\u00e4rme | DICKOWS VVS &amp; KLOAK","robots":{"index":"index","follow":"follow","max-snippet":"max-snippet:-1","max-image-preview":"max-image-preview:large","max-video-preview":"max-video-preview:-1"},"canonical":"https:\/\/dickowvvs.dk\/de\/fernwaerme\/","og_locale":"de_DE","og_type":"article","og_title":"Fernw\u00e4rme | DICKOWS VVS &amp; KLOAK","og_description":"[vc_row full_width=&#8220;stretch_row&#8220;][vc_column][vc_column_text] Fernw\u00e4rmesysteme installiert und repariert Bei Dickows VVS og Kloak in der N\u00e4he von Nakskov f\u00fchren wir die Neuinstallation und Reparatur von Fernw\u00e4rme auf Seeland und Lolland Falster durch. [\/vc_column_text][vc_empty_space height=&#8220;30px&#8220;][vc_separator color=&#8220;custom&#8220; border_width=&#8220;2&#8243; accent_color=&#8220;#f7f7f7&#8243;][vc_empty_space height=&#8220;30px&#8220;][vc_row_inner][vc_column_inner width=&#8220;1\/2&#8243;][vc_column_text] Welche Vorteile hat die Installation eines Fernw\u00e4rmesystems? Die Umstellung von einem \u00d6lkessel auf Fernw\u00e4rme kann zum Beispiel mehrere ... Weiterlesen ...","og_url":"https:\/\/dickowvvs.dk\/de\/fernwaerme\/","og_site_name":"DICKOWS VVS &amp; KLOAK","article_modified_time":"2025-02-11T14:09:43+00:00","twitter_card":"summary_large_image","twitter_misc":{"Gesch\u00e4tzte Lesezeit":"4\u00a0Minuten"},"schema":{"@context":"https:\/\/schema.org","@graph":[{"@type":"WebPage","@id":"https:\/\/dickowvvs.dk\/de\/fernwaerme\/","url":"https:\/\/dickowvvs.dk\/de\/fernwaerme\/","name":"Fernw\u00e4rme | DICKOWS VVS &amp; KLOAK","isPartOf":{"@id":"https:\/\/dickowvvs.dk\/de\/#website"},"datePublished":"2023-07-12T15:48:58+00:00","dateModified":"2025-02-11T14:09:43+00:00","breadcrumb":{"@id":"https:\/\/dickowvvs.dk\/de\/fernwaerme\/#breadcrumb"},"inLanguage":"de","potentialAction":[{"@type":"ReadAction","target":["https:\/\/dickowvvs.dk\/de\/fernwaerme\/"]}]},{"@type":"BreadcrumbList","@id":"https:\/\/dickowvvs.dk\/de\/fernwaerme\/#breadcrumb","itemListElement":[{"@type":"ListItem","position":1,"name":"Hjem","item":"https:\/\/dickowvvs.dk\/de\/"},{"@type":"ListItem","position":2,"name":"Fernw\u00e4rme"}]},{"@type":"WebSite","@id":"https:\/\/dickowvvs.dk\/de\/#website","url":"https:\/\/dickowvvs.dk\/de\/","name":"DICKOWS VVS &amp; KLOAK","description":"VVS og varmel\u00f8sninger i Nakskov og Lolland - Varmepumper, pillefyr og jordvarmeanl\u00e6g","publisher":{"@id":"https:\/\/dickowvvs.dk\/de\/#organization"},"potentialAction":[{"@type":"SearchAction","target":{"@type":"EntryPoint","urlTemplate":"https:\/\/dickowvvs.dk\/de\/?s={search_term_string}"},"query-input":{"@type":"PropertyValueSpecification","valueRequired":true,"valueName":"search_term_string"}}],"inLanguage":"de"},{"@type":"Organization","@id":"https:\/\/dickowvvs.dk\/de\/#organization","name":"DICKOWS VVS &amp; KLOAK","url":"https:\/\/dickowvvs.dk\/de\/","logo":{"@type":"ImageObject","inLanguage":"de","@id":"https:\/\/dickowvvs.dk\/de\/#\/schema\/logo\/image\/","url":"https:\/\/dickowvvs.dk\/wp-content\/uploads\/2023\/07\/header-logo-10.jpg","contentUrl":"https:\/\/dickowvvs.dk\/wp-content\/uploads\/2023\/07\/header-logo-10.jpg","width":250,"height":85,"caption":"DICKOWS VVS &amp; KLOAK"},"image":{"@id":"https:\/\/dickowvvs.dk\/de\/#\/schema\/logo\/image\/"}}]}},"_links":{"self":[{"href":"https:\/\/dickowvvs.dk\/de\/wp-json\/wp\/v2\/pages\/4723"}],"collection":[{"href":"https:\/\/dickowvvs.dk\/de\/wp-json\/wp\/v2\/pages"}],"about":[{"href":"https:\/\/dickowvvs.dk\/de\/wp-json\/wp\/v2\/types\/page"}],"author":[{"embeddable":true,"href":"https:\/\/dickowvvs.dk\/de\/wp-json\/wp\/v2\/users\/1"}],"replies":[{"embeddable":true,"href":"https:\/\/dickowvvs.dk\/de\/wp-json\/wp\/v2\/comments?post=4723"}],"version-history":[{"count":11,"href":"https:\/\/dickowvvs.dk\/de\/wp-json\/wp\/v2\/pages\/4723\/revisions"}],"predecessor-version":[{"id":4757,"href":"https:\/\/dickowvvs.dk\/de\/wp-json\/wp\/v2\/pages\/4723\/revisions\/4757"}],"wp:attachment":[{"href":"https:\/\/dickowvvs.dk\/de\/wp-json\/wp\/v2\/media?parent=4723"}],"wp:term":[{"taxonomy":"category","embeddable":true,"href":"https:\/\/dickowvvs.dk\/de\/wp-json\/wp\/v2\/categories?post=4723"}],"curies":[{"name":"wp","href":"https:\/\/api.w.org\/{rel}","templated":true}]}}