{"id":4715,"date":"2023-07-12T17:48:59","date_gmt":"2023-07-12T15:48:59","guid":{"rendered":"https:\/\/dickowvvs.dk\/pelletkessel\/"},"modified":"2025-02-11T15:09:45","modified_gmt":"2025-02-11T14:09:45","slug":"pelletkessel","status":"publish","type":"page","link":"https:\/\/dickowvvs.dk\/de\/pelletkessel\/","title":{"rendered":"Pelletkessel"},"content":{"rendered":"<section class=\"wpb-content-wrapper\"><p>[vc_row full_width=&#8220;stretch_row&#8220;][vc_column]<div class=\"ult-spacer spacer-69f24453ba407\" data-id=\"69f24453ba407\" data-height=\"90\" data-height-mobile=\"60\" data-height-tab=\"90\" data-height-tab-portrait=\"60\" data-height-mobile-landscape=\"60\" style=\"clear:both;display:block;\"><\/div>[vc_column_text]<\/p>\n<h2>Scotte Pelletkessel auf Lolland &amp; Falster<\/h2>\n<h4>Dickows VVS og Kloak verkauft und installiert Pelletheizungen, darunter die Marken Scotte und Passat. Wir warten, inspizieren und reparieren auch alle Marken. Wir verf\u00fcgen \u00fcber umfangreiche Erfahrungen und Fachkenntnisse bei der Montage, Installation und Wartung von Scotte Pelletkesseln. Und wir verwenden nur Materialien von den f\u00fchrenden Anbietern in der Branche.<\/h4>\n<p>[\/vc_column_text][vc_empty_space height=&#8220;30px&#8220;][vc_separator color=&#8220;custom&#8220; border_width=&#8220;2&#8243; accent_color=&#8220;#f7f7f7&#8243;][vc_empty_space height=&#8220;30px&#8220;][vc_row_inner][vc_column_inner width=&#8220;1\/2&#8243;][vc_column_text]<\/p>\n<h3>Umfassende Erfahrung mit allen Arten von Pelletkesseln<\/h3>\n<p>Im Laufe der Jahre haben wir viele verschiedene Marken installiert, gewartet und beraten. Einige unserer Kunden haben sehr umfassende L\u00f6sungen ben\u00f6tigt. Andere wiederum sind vielleicht mit einer einfacheren L\u00f6sung zufrieden.<\/p>\n<p>Wir haben in beiden Situationen geholfen und sind daher zuversichtlich, dass wir f\u00fcr alle Arten von Immobilien die richtige Beratung zu Pelletkesseln anbieten k\u00f6nnen.<\/p>\n<p>F\u00fcr uns ist es wichtig, dass die Arbeit mit hoher Qualit\u00e4t ausgef\u00fchrt wird. Deshalb haben wir unseren Kunden durch unsere Mitgliedschaft bei TEKNIQ auch ein Garantiesystem gesichert. F\u00fcr den unwahrscheinlichen Fall, dass w\u00e4hrend unserer Arbeit ein Schaden entsteht.<\/p>\n<p>Egal, ob Sie einen Scotte Pelletkessel oder einen Pelletkessel einer anderen Marke w\u00fcnschen, Sie k\u00f6nnen uns gerne anrufen: <a href=\"tel:51260435\">51 26 04 35<\/a>. Wir k\u00f6nnen also \u00fcber die Vor- und Nachteile der verschiedenen Pelletkessel sprechen.<\/p>\n<p>Sie k\u00f6nnen uns auch gerne \u00fcber <a href=\"https:\/\/dickowvvs.dk\/kontakt\/\">das Kontaktformular<\/a> schreiben. Wir werden uns so schnell wie m\u00f6glich bei Ihnen melden.[\/vc_column_text]<div class=\"ult-spacer spacer-69f24453ba465\" data-id=\"69f24453ba465\" data-height=\"0\" data-height-mobile=\"15\" data-height-tab=\"0\" data-height-tab-portrait=\"0\" data-height-mobile-landscape=\"15\" style=\"clear:both;display:block;\"><\/div>[\/vc_column_inner][vc_column_inner width=&#8220;1\/2&#8243;][vc_column_text]<\/p>\n<h3>Scotte Pelletkessel sind eine gute L\u00f6sung zu einem vern\u00fcnftigen Preis<\/h3>\n<p>Wir heben oft die Marke Scotte hervor, weil es sich um einen vern\u00fcnftigen, hochwertigen Pelletkessel handelt. Aber auch, weil es ein gutes Preis-Leistungs-Verh\u00e4ltnis hat. Wir f\u00fchren auch Ersatzteile f\u00fcr Scotte-Pelletkessel.<\/p>\n<p>Es gibt mehrere Vorteile, wenn Sie sich f\u00fcr einen Scotte Pelletkessel f\u00fcr Ihr Haus auf Lolland und Falster entscheiden.<\/p>\n<p>Es ist das meistverkaufte in D\u00e4nemark und hat sich somit in Tausenden von Haushalten bew\u00e4hrt. Gleichzeitig ist die L\u00f6sung umweltneutral und Sie haben die M\u00f6glichkeit, eine Menge Geld bei Ihren Heizkosten zu sparen.<\/p>\n<p>Es ist nicht ungew\u00f6hnlich, dass unsere Kunden ihren Pelletkessel bereits nach ein oder zwei Jahren zur\u00fcckbekommen haben, vor allem, wenn sie sich f\u00fcr einen Pelletkessel von Scotte entschieden haben. Dies gew\u00e4hrleistet eine gute und stabile L\u00f6sung, die auf Ihre Bed\u00fcrfnisse, W\u00fcnsche und Ihr Budget zugeschnitten werden kann.[\/vc_column_text][\/vc_column_inner][\/vc_row_inner][vc_row_inner][vc_column_inner width=&#8220;1\/2&#8243;][vc_empty_space height=&#8220;30px&#8220;][vc_single_image image=&#8220;4706&#8243; onclick=&#8220;custom_link&#8220; img_link_target=&#8220;_blank&#8220; link=&#8220;https:\/\/reka.com\/da\/&#8220;][\/vc_column_inner][vc_column_inner width=&#8220;1\/2&#8243;][vc_empty_space height=&#8220;30px&#8220;][vc_single_image image=&#8220;4705&#8243; onclick=&#8220;custom_link&#8220; img_link_target=&#8220;_blank&#8220; link=&#8220;https:\/\/www.nbe.dk\/&#8220;][\/vc_column_inner][\/vc_row_inner]<div class=\"ult-spacer spacer-69f24453ba48a\" data-id=\"69f24453ba48a\" data-height=\"90\" data-height-mobile=\"60\" data-height-tab=\"90\" data-height-tab-portrait=\"60\" data-height-mobile-landscape=\"60\" style=\"clear:both;display:block;\"><\/div>[\/vc_column][\/vc_row][vc_row full_width=&#8220;stretch_row&#8220; el_class=&#8220;overlay white cta&#8220; css=&#8220;.vc_custom_1689178841618{background-image: url(https:\/\/dickowvvs.dk\/wp-content\/uploads\/2023\/07\/istock-1395783982.jpg?id=4548) !important;background-position: center !important;background-repeat: no-repeat !important;background-size: cover !important;}&#8220;][vc_column]<div class=\"ult-spacer spacer-69f24453ba4a9\" data-id=\"69f24453ba4a9\" data-height=\"90\" data-height-mobile=\"60\" data-height-tab=\"90\" data-height-tab-portrait=\"60\" data-height-mobile-landscape=\"60\" style=\"clear:both;display:block;\"><\/div>[vc_row_inner][vc_column_inner width=&#8220;1\/4&#8243;][\/vc_column_inner][vc_column_inner width=&#8220;1\/2&#8243;][vc_column_text]<\/p>\n<h6 style=\"text-align: center;\">Kontaktieren Sie uns heute<\/h6>\n<h3 style=\"text-align: center;\">M\u00f6chten Sie mehr erfahren?<\/h3>\n<p style=\"text-align: center;\">Wenn Sie auf unserer Website keine ausreichenden Informationen zu Ihrer gew\u00fcnschten Aufgabe finden, k\u00f6nnen Sie uns jederzeit f\u00fcr ein unverbindliches Gespr\u00e4ch und m\u00f6glicherweise einen Kostenvoranschlag f\u00fcr den Auftrag kontaktieren.<\/p>\n<p style=\"text-align: center;\">Rufen Sie uns an unter <a href=\"tel:51260435\">(+45) 51 26 04 35<\/a> oder senden Sie eine E-Mail an <a href=\"mailto:steffen@dickowvvsogkloak.dk\">steffen@dickowvvsogkloak.dk.<\/a> Wir werden Ihre Anfrage so schnell wie m\u00f6glich beantworten.<\/p>\n<p>[\/vc_column_text][vc_empty_space height=&#8220;30px&#8220;][vc_btn title=&#8220;Erhalten Sie ein tolles Angebot&#8220; style=&#8220;custom&#8220; custom_background=&#8220;#fc5623&#8243; custom_text=&#8220;#ffffff&#8220; shape=&#8220;square&#8220; align=&#8220;center&#8220; link=&#8220;url:https%3A%2F%2Fdickowvvs.dk%2Fkontakt%2F|title:Kontaktieren%20Sie%20uns|&#8220;][\/vc_column_inner][vc_column_inner width=&#8220;1\/4&#8243;][\/vc_column_inner][\/vc_row_inner]<div class=\"ult-spacer spacer-69f24453ba4cb\" data-id=\"69f24453ba4cb\" data-height=\"90\" data-height-mobile=\"60\" data-height-tab=\"90\" data-height-tab-portrait=\"60\" data-height-mobile-landscape=\"60\" style=\"clear:both;display:block;\"><\/div>[\/vc_column][\/vc_row]<\/p>\n<\/section>","protected":false},"excerpt":{"rendered":"<p>[vc_row full_width=&#8220;stretch_row&#8220;][vc_column][vc_column_text] Scotte Pelletkessel auf Lolland &amp; Falster Dickows VVS og Kloak verkauft und installiert Pelletheizungen, darunter die Marken Scotte und Passat. Wir warten, inspizieren und reparieren auch alle Marken. Wir verf\u00fcgen \u00fcber umfangreiche Erfahrungen und Fachkenntnisse bei der Montage, Installation und Wartung von Scotte Pelletkesseln. Und wir verwenden nur Materialien von den f\u00fchrenden Anbietern &#8230; <a title=\"Pelletkessel\" class=\"read-more\" href=\"https:\/\/dickowvvs.dk\/de\/pelletkessel\/\" aria-label=\"Mehr zu Pelletkessel\">Weiterlesen &#8230;<\/a><\/p>\n","protected":false},"author":1,"featured_media":0,"parent":0,"menu_order":11,"comment_status":"closed","ping_status":"closed","template":"","meta":{"footnotes":""},"categories":[],"acf":[],"yoast_head":"<!-- This site is optimized with the Yoast SEO plugin v24.5 - https:\/\/yoast.com\/wordpress\/plugins\/seo\/ -->\n<title>Pelletkessel | DICKOWS VVS &amp; KLOAK<\/title>\n<meta name=\"robots\" content=\"index, follow, max-snippet:-1, max-image-preview:large, max-video-preview:-1\" \/>\n<link rel=\"canonical\" href=\"https:\/\/dickowvvs.dk\/de\/pelletkessel\/\" \/>\n<meta property=\"og:locale\" content=\"de_DE\" \/>\n<meta property=\"og:type\" content=\"article\" \/>\n<meta property=\"og:title\" content=\"Pelletkessel | DICKOWS VVS &amp; KLOAK\" \/>\n<meta property=\"og:description\" content=\"[vc_row full_width=&#8220;stretch_row&#8220;][vc_column][vc_column_text] Scotte Pelletkessel auf Lolland &amp; Falster Dickows VVS og Kloak verkauft und installiert Pelletheizungen, darunter die Marken Scotte und Passat. Wir warten, inspizieren und reparieren auch alle Marken. Wir verf\u00fcgen \u00fcber umfangreiche Erfahrungen und Fachkenntnisse bei der Montage, Installation und Wartung von Scotte Pelletkesseln. Und wir verwenden nur Materialien von den f\u00fchrenden Anbietern ... Weiterlesen ...\" \/>\n<meta property=\"og:url\" content=\"https:\/\/dickowvvs.dk\/de\/pelletkessel\/\" \/>\n<meta property=\"og:site_name\" content=\"DICKOWS VVS &amp; KLOAK\" \/>\n<meta property=\"article:modified_time\" content=\"2025-02-11T14:09:45+00:00\" \/>\n<meta name=\"twitter:card\" content=\"summary_large_image\" \/>\n<meta name=\"twitter:label1\" content=\"Gesch\u00e4tzte Lesezeit\" \/>\n\t<meta name=\"twitter:data1\" content=\"4\u00a0Minuten\" \/>\n<script type=\"application\/ld+json\" class=\"yoast-schema-graph\">{\"@context\":\"https:\/\/schema.org\",\"@graph\":[{\"@type\":\"WebPage\",\"@id\":\"https:\/\/dickowvvs.dk\/de\/pelletkessel\/\",\"url\":\"https:\/\/dickowvvs.dk\/de\/pelletkessel\/\",\"name\":\"Pelletkessel | DICKOWS VVS &amp; KLOAK\",\"isPartOf\":{\"@id\":\"https:\/\/dickowvvs.dk\/de\/#website\"},\"datePublished\":\"2023-07-12T15:48:59+00:00\",\"dateModified\":\"2025-02-11T14:09:45+00:00\",\"breadcrumb\":{\"@id\":\"https:\/\/dickowvvs.dk\/de\/pelletkessel\/#breadcrumb\"},\"inLanguage\":\"de\",\"potentialAction\":[{\"@type\":\"ReadAction\",\"target\":[\"https:\/\/dickowvvs.dk\/de\/pelletkessel\/\"]}]},{\"@type\":\"BreadcrumbList\",\"@id\":\"https:\/\/dickowvvs.dk\/de\/pelletkessel\/#breadcrumb\",\"itemListElement\":[{\"@type\":\"ListItem\",\"position\":1,\"name\":\"Hjem\",\"item\":\"https:\/\/dickowvvs.dk\/de\/\"},{\"@type\":\"ListItem\",\"position\":2,\"name\":\"Pelletkessel\"}]},{\"@type\":\"WebSite\",\"@id\":\"https:\/\/dickowvvs.dk\/de\/#website\",\"url\":\"https:\/\/dickowvvs.dk\/de\/\",\"name\":\"DICKOWS VVS &amp; KLOAK\",\"description\":\"VVS og varmel\u00f8sninger i Nakskov og Lolland - Varmepumper, pillefyr og jordvarmeanl\u00e6g\",\"publisher\":{\"@id\":\"https:\/\/dickowvvs.dk\/de\/#organization\"},\"potentialAction\":[{\"@type\":\"SearchAction\",\"target\":{\"@type\":\"EntryPoint\",\"urlTemplate\":\"https:\/\/dickowvvs.dk\/de\/?s={search_term_string}\"},\"query-input\":{\"@type\":\"PropertyValueSpecification\",\"valueRequired\":true,\"valueName\":\"search_term_string\"}}],\"inLanguage\":\"de\"},{\"@type\":\"Organization\",\"@id\":\"https:\/\/dickowvvs.dk\/de\/#organization\",\"name\":\"DICKOWS VVS &amp; KLOAK\",\"url\":\"https:\/\/dickowvvs.dk\/de\/\",\"logo\":{\"@type\":\"ImageObject\",\"inLanguage\":\"de\",\"@id\":\"https:\/\/dickowvvs.dk\/de\/#\/schema\/logo\/image\/\",\"url\":\"https:\/\/dickowvvs.dk\/wp-content\/uploads\/2023\/07\/header-logo-10.jpg\",\"contentUrl\":\"https:\/\/dickowvvs.dk\/wp-content\/uploads\/2023\/07\/header-logo-10.jpg\",\"width\":250,\"height\":85,\"caption\":\"DICKOWS VVS &amp; KLOAK\"},\"image\":{\"@id\":\"https:\/\/dickowvvs.dk\/de\/#\/schema\/logo\/image\/\"}}]}<\/script>\n<!-- \/ Yoast SEO plugin. -->","yoast_head_json":{"title":"Pelletkessel | DICKOWS VVS &amp; KLOAK","robots":{"index":"index","follow":"follow","max-snippet":"max-snippet:-1","max-image-preview":"max-image-preview:large","max-video-preview":"max-video-preview:-1"},"canonical":"https:\/\/dickowvvs.dk\/de\/pelletkessel\/","og_locale":"de_DE","og_type":"article","og_title":"Pelletkessel | DICKOWS VVS &amp; KLOAK","og_description":"[vc_row full_width=&#8220;stretch_row&#8220;][vc_column][vc_column_text] Scotte Pelletkessel auf Lolland &amp; Falster Dickows VVS og Kloak verkauft und installiert Pelletheizungen, darunter die Marken Scotte und Passat. Wir warten, inspizieren und reparieren auch alle Marken. Wir verf\u00fcgen \u00fcber umfangreiche Erfahrungen und Fachkenntnisse bei der Montage, Installation und Wartung von Scotte Pelletkesseln. Und wir verwenden nur Materialien von den f\u00fchrenden Anbietern ... Weiterlesen ...","og_url":"https:\/\/dickowvvs.dk\/de\/pelletkessel\/","og_site_name":"DICKOWS VVS &amp; KLOAK","article_modified_time":"2025-02-11T14:09:45+00:00","twitter_card":"summary_large_image","twitter_misc":{"Gesch\u00e4tzte Lesezeit":"4\u00a0Minuten"},"schema":{"@context":"https:\/\/schema.org","@graph":[{"@type":"WebPage","@id":"https:\/\/dickowvvs.dk\/de\/pelletkessel\/","url":"https:\/\/dickowvvs.dk\/de\/pelletkessel\/","name":"Pelletkessel | DICKOWS VVS &amp; KLOAK","isPartOf":{"@id":"https:\/\/dickowvvs.dk\/de\/#website"},"datePublished":"2023-07-12T15:48:59+00:00","dateModified":"2025-02-11T14:09:45+00:00","breadcrumb":{"@id":"https:\/\/dickowvvs.dk\/de\/pelletkessel\/#breadcrumb"},"inLanguage":"de","potentialAction":[{"@type":"ReadAction","target":["https:\/\/dickowvvs.dk\/de\/pelletkessel\/"]}]},{"@type":"BreadcrumbList","@id":"https:\/\/dickowvvs.dk\/de\/pelletkessel\/#breadcrumb","itemListElement":[{"@type":"ListItem","position":1,"name":"Hjem","item":"https:\/\/dickowvvs.dk\/de\/"},{"@type":"ListItem","position":2,"name":"Pelletkessel"}]},{"@type":"WebSite","@id":"https:\/\/dickowvvs.dk\/de\/#website","url":"https:\/\/dickowvvs.dk\/de\/","name":"DICKOWS VVS &amp; KLOAK","description":"VVS og varmel\u00f8sninger i Nakskov og Lolland - Varmepumper, pillefyr og jordvarmeanl\u00e6g","publisher":{"@id":"https:\/\/dickowvvs.dk\/de\/#organization"},"potentialAction":[{"@type":"SearchAction","target":{"@type":"EntryPoint","urlTemplate":"https:\/\/dickowvvs.dk\/de\/?s={search_term_string}"},"query-input":{"@type":"PropertyValueSpecification","valueRequired":true,"valueName":"search_term_string"}}],"inLanguage":"de"},{"@type":"Organization","@id":"https:\/\/dickowvvs.dk\/de\/#organization","name":"DICKOWS VVS &amp; KLOAK","url":"https:\/\/dickowvvs.dk\/de\/","logo":{"@type":"ImageObject","inLanguage":"de","@id":"https:\/\/dickowvvs.dk\/de\/#\/schema\/logo\/image\/","url":"https:\/\/dickowvvs.dk\/wp-content\/uploads\/2023\/07\/header-logo-10.jpg","contentUrl":"https:\/\/dickowvvs.dk\/wp-content\/uploads\/2023\/07\/header-logo-10.jpg","width":250,"height":85,"caption":"DICKOWS VVS &amp; KLOAK"},"image":{"@id":"https:\/\/dickowvvs.dk\/de\/#\/schema\/logo\/image\/"}}]}},"_links":{"self":[{"href":"https:\/\/dickowvvs.dk\/de\/wp-json\/wp\/v2\/pages\/4715"}],"collection":[{"href":"https:\/\/dickowvvs.dk\/de\/wp-json\/wp\/v2\/pages"}],"about":[{"href":"https:\/\/dickowvvs.dk\/de\/wp-json\/wp\/v2\/types\/page"}],"author":[{"embeddable":true,"href":"https:\/\/dickowvvs.dk\/de\/wp-json\/wp\/v2\/users\/1"}],"replies":[{"embeddable":true,"href":"https:\/\/dickowvvs.dk\/de\/wp-json\/wp\/v2\/comments?post=4715"}],"version-history":[{"count":6,"href":"https:\/\/dickowvvs.dk\/de\/wp-json\/wp\/v2\/pages\/4715\/revisions"}],"predecessor-version":[{"id":4766,"href":"https:\/\/dickowvvs.dk\/de\/wp-json\/wp\/v2\/pages\/4715\/revisions\/4766"}],"wp:attachment":[{"href":"https:\/\/dickowvvs.dk\/de\/wp-json\/wp\/v2\/media?parent=4715"}],"wp:term":[{"taxonomy":"category","embeddable":true,"href":"https:\/\/dickowvvs.dk\/de\/wp-json\/wp\/v2\/categories?post=4715"}],"curies":[{"name":"wp","href":"https:\/\/api.w.org\/{rel}","templated":true}]}}