{"id":4714,"date":"2023-07-12T17:48:59","date_gmt":"2023-07-12T15:48:59","guid":{"rendered":"https:\/\/dickowvvs.dk\/renovierung-des-badezimmers\/"},"modified":"2025-02-24T10:46:56","modified_gmt":"2025-02-24T09:46:56","slug":"renovierung-des-badezimmers","status":"publish","type":"page","link":"https:\/\/dickowvvs.dk\/de\/renovierung-des-badezimmers\/","title":{"rendered":"Renovierung des Badezimmers"},"content":{"rendered":"<section class=\"wpb-content-wrapper\"><p>[vc_row full_width=&#8220;stretch_row&#8220;][vc_column]<div class=\"ult-spacer spacer-69e0cf034458b\" data-id=\"69e0cf034458b\" data-height=\"90\" data-height-mobile=\"60\" data-height-tab=\"90\" data-height-tab-portrait=\"60\" data-height-mobile-landscape=\"60\" style=\"clear:both;display:block;\"><\/div>[vc_column_text]<\/p>\n<h2>Renovierung des Badezimmers mit modernen Techniken<\/h2>\n<h4>Sie tr\u00e4umen von einem neuen Badezimmer und m\u00f6chten Ihr altes renovieren und modernisieren? Dann k\u00f6nnen wir von Dickows Plumbing and Sewerage Ihnen helfen. Unser Unternehmen befindet sich in der N\u00e4he von Nakskov, und von hier aus fahren wir zu Kunden, die unsere Hilfe bei der professionellen Badsanierung auf Lolland Falster und Seeland ben\u00f6tigen.<\/h4>\n<p>[\/vc_column_text][vc_empty_space height=&#8220;30px&#8220;][vc_separator color=&#8220;custom&#8220; border_width=&#8220;2&#8243; accent_color=&#8220;#f7f7f7&#8243;][vc_empty_space height=&#8220;30px&#8220;][vc_row_inner][vc_column_inner width=&#8220;1\/2&#8243;][vc_column_text]<\/p>\n<h3>Was kostet die Renovierung eines Badezimmers?<\/h3>\n<p>Wie viel eine Badrenovierung kostet, h\u00e4ngt von verschiedenen Faktoren ab. Unsere Preise variieren von Auftrag zu Auftrag und h\u00e4ngen von Faktoren wie z.B.:<\/p>\n<ul>\n<li>Wie umfangreich Sie die Renovierung w\u00fcnschen<\/li>\n<li>Ob wir die Sanit\u00e4rinstallationen verschieben m\u00fcssen<\/li>\n<li>Welche Materialien Sie w\u00e4hlen<\/li>\n<li>Wie viel Zeit wir f\u00fcr den Auftrag ben\u00f6tigen.<\/li>\n<\/ul>\n<p>Sie k\u00f6nnen zum Beispiel einen g\u00fcnstigen Preis f\u00fcr die Renovierung Ihres Badezimmers erzielen, wenn Sie eine kleinere Renovierung w\u00fcnschen und einige billige Materialien w\u00e4hlen, oder Sie k\u00f6nnen eine teurere und exklusivere Renovierung erhalten, wenn Sie teurere Materialien w\u00e4hlen.<\/p>\n<p>Wir helfen Ihnen gerne bei der Auswahl der L\u00f6sungen, die zu Ihrem gew\u00fcnschten Aussehen, Ihrer Funktion und Ihrem Budget passen, und wir unterbreiten Ihnen auch gerne ein unverbindliches Angebot mit einem Festpreis, egal ob Sie von einer neuen Dusche, einer neuen Toilette oder etwas ganz anderem tr\u00e4umen.[\/vc_column_text]<div class=\"ult-spacer spacer-69e0cf03445e4\" data-id=\"69e0cf03445e4\" data-height=\"0\" data-height-mobile=\"15\" data-height-tab=\"0\" data-height-tab-portrait=\"0\" data-height-mobile-landscape=\"15\" style=\"clear:both;display:block;\"><\/div>[\/vc_column_inner][vc_column_inner width=&#8220;1\/2&#8243;][vc_column_text]<\/p>\n<h3>Warum Sie die Renovierung Ihres Badezimmers uns \u00fcberlassen sollten<\/h3>\n<p>Ganz gleich, ob Sie eine gro\u00dfe oder kleine Badrenovierung ben\u00f6tigen, wir legen immer Wert auf Qualit\u00e4t. Gleichzeitig ist es wichtig, dass wir immer zur vereinbarten Zeit kommen und die getroffenen Vereinbarungen einhalten.<\/p>\n<p>Alle unsere Mitarbeiter sind qualifizierte Fachleute mit umfassender Erfahrung und Fachkenntnis auf ihrem Gebiet. Gleichzeitig halten wir uns \u00fcber neue Erkenntnisse und Techniken in der Branche auf dem Laufenden, damit wir Ihnen die neuesten und modernsten Techniken f\u00fcr Ihre Badrenovierung anbieten k\u00f6nnen.[\/vc_column_text][vc_empty_space height=&#8220;30px&#8220;][vc_btn title=&#8220;Kontaktieren Sie uns heute&#8220; style=&#8220;custom&#8220; custom_background=&#8220;#fc5623&#8243; custom_text=&#8220;#ffffff&#8220; shape=&#8220;square&#8220; align=&#8220;left&#8220; link=&#8220;url:https%3A%2F%2Fdickowvvs.dk%2Fde%2Fkontaktieren-sie-uns%2F|title:Kontaktieren%20Sie%20uns&#8220;][\/vc_column_inner][\/vc_row_inner]<div class=\"ult-spacer spacer-69e0cf034460e\" data-id=\"69e0cf034460e\" data-height=\"90\" data-height-mobile=\"60\" data-height-tab=\"90\" data-height-tab-portrait=\"60\" data-height-mobile-landscape=\"60\" style=\"clear:both;display:block;\"><\/div>[\/vc_column][\/vc_row][vc_row full_width=&#8220;stretch_row&#8220; el_class=&#8220;overlay white cta&#8220; css=&#8220;.vc_custom_1689178841618{background-image: url(https:\/\/dickowvvs.dk\/wp-content\/uploads\/2023\/07\/istock-1395783982.jpg?id=4548) !important;background-position: center !important;background-repeat: no-repeat !important;background-size: cover !important;}&#8220;][vc_column]<div class=\"ult-spacer spacer-69e0cf034462e\" data-id=\"69e0cf034462e\" data-height=\"90\" data-height-mobile=\"60\" data-height-tab=\"90\" data-height-tab-portrait=\"60\" data-height-mobile-landscape=\"60\" style=\"clear:both;display:block;\"><\/div>[vc_row_inner][vc_column_inner width=&#8220;1\/4&#8243;][\/vc_column_inner][vc_column_inner width=&#8220;1\/2&#8243;][vc_column_text]<\/p>\n<h6 style=\"text-align: center;\">Kontaktieren Sie uns heute<\/h6>\n<h3 style=\"text-align: center;\">M\u00f6chten Sie mehr erfahren?<\/h3>\n<p style=\"text-align: center;\">Wenn Sie auf unserer Website keine ausreichenden Informationen zu Ihrer gew\u00fcnschten Aufgabe finden, k\u00f6nnen Sie uns jederzeit f\u00fcr ein unverbindliches Gespr\u00e4ch und m\u00f6glicherweise einen Kostenvoranschlag f\u00fcr den Auftrag kontaktieren.<\/p>\n<p style=\"text-align: center;\">Rufen Sie uns an unter <a href=\"tel:51260435\">(+45) 51 26 04 35<\/a> oder senden Sie eine E-Mail an <a href=\"mailto:steffen@dickowvvsogkloak.dk\">steffen@dickowvvsogkloak.dk.<\/a> Wir werden Ihre Anfrage so schnell wie m\u00f6glich beantworten.<\/p>\n<p>[\/vc_column_text][vc_empty_space height=&#8220;30px&#8220;][vc_btn title=&#8220;Erhalten Sie ein tolles Angebot&#8220; style=&#8220;custom&#8220; custom_background=&#8220;#fc5623&#8243; custom_text=&#8220;#ffffff&#8220; shape=&#8220;square&#8220; align=&#8220;center&#8220; link=&#8220;url:https%3A%2F%2Fdickowvvs.dk%2Fkontakt%2F|title:Kontaktieren%20Sie%20uns|&#8220;][\/vc_column_inner][vc_column_inner width=&#8220;1\/4&#8243;][\/vc_column_inner][\/vc_row_inner]<div class=\"ult-spacer spacer-69e0cf0344651\" data-id=\"69e0cf0344651\" data-height=\"90\" data-height-mobile=\"60\" data-height-tab=\"90\" data-height-tab-portrait=\"60\" data-height-mobile-landscape=\"60\" style=\"clear:both;display:block;\"><\/div>[\/vc_column][\/vc_row]<\/p>\n<\/section>","protected":false},"excerpt":{"rendered":"<p>[vc_row full_width=&#8220;stretch_row&#8220;][vc_column][vc_column_text] Renovierung des Badezimmers mit modernen Techniken Sie tr\u00e4umen von einem neuen Badezimmer und m\u00f6chten Ihr altes renovieren und modernisieren? Dann k\u00f6nnen wir von Dickows Plumbing and Sewerage Ihnen helfen. Unser Unternehmen befindet sich in der N\u00e4he von Nakskov, und von hier aus fahren wir zu Kunden, die unsere Hilfe bei der professionellen Badsanierung &#8230; <a title=\"Renovierung des Badezimmers\" class=\"read-more\" href=\"https:\/\/dickowvvs.dk\/de\/renovierung-des-badezimmers\/\" aria-label=\"Mehr zu Renovierung des Badezimmers\">Weiterlesen &#8230;<\/a><\/p>\n","protected":false},"author":1,"featured_media":0,"parent":0,"menu_order":9,"comment_status":"closed","ping_status":"closed","template":"","meta":{"footnotes":""},"categories":[],"acf":[],"yoast_head":"<!-- This site is optimized with the Yoast SEO plugin v24.5 - https:\/\/yoast.com\/wordpress\/plugins\/seo\/ -->\n<title>Renovierung des Badezimmers | DICKOWS VVS &amp; KLOAK<\/title>\n<meta name=\"robots\" content=\"index, follow, max-snippet:-1, max-image-preview:large, max-video-preview:-1\" \/>\n<link rel=\"canonical\" href=\"https:\/\/dickowvvs.dk\/de\/renovierung-des-badezimmers\/\" \/>\n<meta property=\"og:locale\" content=\"de_DE\" \/>\n<meta property=\"og:type\" content=\"article\" \/>\n<meta property=\"og:title\" content=\"Renovierung des Badezimmers | DICKOWS VVS &amp; KLOAK\" \/>\n<meta property=\"og:description\" content=\"[vc_row full_width=&#8220;stretch_row&#8220;][vc_column][vc_column_text] Renovierung des Badezimmers mit modernen Techniken Sie tr\u00e4umen von einem neuen Badezimmer und m\u00f6chten Ihr altes renovieren und modernisieren? Dann k\u00f6nnen wir von Dickows Plumbing and Sewerage Ihnen helfen. Unser Unternehmen befindet sich in der N\u00e4he von Nakskov, und von hier aus fahren wir zu Kunden, die unsere Hilfe bei der professionellen Badsanierung ... Weiterlesen ...\" \/>\n<meta property=\"og:url\" content=\"https:\/\/dickowvvs.dk\/de\/renovierung-des-badezimmers\/\" \/>\n<meta property=\"og:site_name\" content=\"DICKOWS VVS &amp; KLOAK\" \/>\n<meta property=\"article:modified_time\" content=\"2025-02-24T09:46:56+00:00\" \/>\n<meta name=\"twitter:card\" content=\"summary_large_image\" \/>\n<meta name=\"twitter:label1\" content=\"Gesch\u00e4tzte Lesezeit\" \/>\n\t<meta name=\"twitter:data1\" content=\"3\u00a0Minuten\" \/>\n<script type=\"application\/ld+json\" class=\"yoast-schema-graph\">{\"@context\":\"https:\/\/schema.org\",\"@graph\":[{\"@type\":\"WebPage\",\"@id\":\"https:\/\/dickowvvs.dk\/de\/renovierung-des-badezimmers\/\",\"url\":\"https:\/\/dickowvvs.dk\/de\/renovierung-des-badezimmers\/\",\"name\":\"Renovierung des Badezimmers | DICKOWS VVS &amp; KLOAK\",\"isPartOf\":{\"@id\":\"https:\/\/dickowvvs.dk\/de\/#website\"},\"datePublished\":\"2023-07-12T15:48:59+00:00\",\"dateModified\":\"2025-02-24T09:46:56+00:00\",\"breadcrumb\":{\"@id\":\"https:\/\/dickowvvs.dk\/de\/renovierung-des-badezimmers\/#breadcrumb\"},\"inLanguage\":\"de\",\"potentialAction\":[{\"@type\":\"ReadAction\",\"target\":[\"https:\/\/dickowvvs.dk\/de\/renovierung-des-badezimmers\/\"]}]},{\"@type\":\"BreadcrumbList\",\"@id\":\"https:\/\/dickowvvs.dk\/de\/renovierung-des-badezimmers\/#breadcrumb\",\"itemListElement\":[{\"@type\":\"ListItem\",\"position\":1,\"name\":\"Hjem\",\"item\":\"https:\/\/dickowvvs.dk\/de\/\"},{\"@type\":\"ListItem\",\"position\":2,\"name\":\"Renovierung des Badezimmers\"}]},{\"@type\":\"WebSite\",\"@id\":\"https:\/\/dickowvvs.dk\/de\/#website\",\"url\":\"https:\/\/dickowvvs.dk\/de\/\",\"name\":\"DICKOWS VVS &amp; KLOAK\",\"description\":\"VVS og varmel\u00f8sninger i Nakskov og Lolland - Varmepumper, pillefyr og jordvarmeanl\u00e6g\",\"publisher\":{\"@id\":\"https:\/\/dickowvvs.dk\/de\/#organization\"},\"potentialAction\":[{\"@type\":\"SearchAction\",\"target\":{\"@type\":\"EntryPoint\",\"urlTemplate\":\"https:\/\/dickowvvs.dk\/de\/?s={search_term_string}\"},\"query-input\":{\"@type\":\"PropertyValueSpecification\",\"valueRequired\":true,\"valueName\":\"search_term_string\"}}],\"inLanguage\":\"de\"},{\"@type\":\"Organization\",\"@id\":\"https:\/\/dickowvvs.dk\/de\/#organization\",\"name\":\"DICKOWS VVS &amp; KLOAK\",\"url\":\"https:\/\/dickowvvs.dk\/de\/\",\"logo\":{\"@type\":\"ImageObject\",\"inLanguage\":\"de\",\"@id\":\"https:\/\/dickowvvs.dk\/de\/#\/schema\/logo\/image\/\",\"url\":\"https:\/\/dickowvvs.dk\/wp-content\/uploads\/2023\/07\/header-logo-10.jpg\",\"contentUrl\":\"https:\/\/dickowvvs.dk\/wp-content\/uploads\/2023\/07\/header-logo-10.jpg\",\"width\":250,\"height\":85,\"caption\":\"DICKOWS VVS &amp; KLOAK\"},\"image\":{\"@id\":\"https:\/\/dickowvvs.dk\/de\/#\/schema\/logo\/image\/\"}}]}<\/script>\n<!-- \/ Yoast SEO plugin. -->","yoast_head_json":{"title":"Renovierung des Badezimmers | DICKOWS VVS &amp; KLOAK","robots":{"index":"index","follow":"follow","max-snippet":"max-snippet:-1","max-image-preview":"max-image-preview:large","max-video-preview":"max-video-preview:-1"},"canonical":"https:\/\/dickowvvs.dk\/de\/renovierung-des-badezimmers\/","og_locale":"de_DE","og_type":"article","og_title":"Renovierung des Badezimmers | DICKOWS VVS &amp; KLOAK","og_description":"[vc_row full_width=&#8220;stretch_row&#8220;][vc_column][vc_column_text] Renovierung des Badezimmers mit modernen Techniken Sie tr\u00e4umen von einem neuen Badezimmer und m\u00f6chten Ihr altes renovieren und modernisieren? Dann k\u00f6nnen wir von Dickows Plumbing and Sewerage Ihnen helfen. Unser Unternehmen befindet sich in der N\u00e4he von Nakskov, und von hier aus fahren wir zu Kunden, die unsere Hilfe bei der professionellen Badsanierung ... Weiterlesen ...","og_url":"https:\/\/dickowvvs.dk\/de\/renovierung-des-badezimmers\/","og_site_name":"DICKOWS VVS &amp; KLOAK","article_modified_time":"2025-02-24T09:46:56+00:00","twitter_card":"summary_large_image","twitter_misc":{"Gesch\u00e4tzte Lesezeit":"3\u00a0Minuten"},"schema":{"@context":"https:\/\/schema.org","@graph":[{"@type":"WebPage","@id":"https:\/\/dickowvvs.dk\/de\/renovierung-des-badezimmers\/","url":"https:\/\/dickowvvs.dk\/de\/renovierung-des-badezimmers\/","name":"Renovierung des Badezimmers | DICKOWS VVS &amp; KLOAK","isPartOf":{"@id":"https:\/\/dickowvvs.dk\/de\/#website"},"datePublished":"2023-07-12T15:48:59+00:00","dateModified":"2025-02-24T09:46:56+00:00","breadcrumb":{"@id":"https:\/\/dickowvvs.dk\/de\/renovierung-des-badezimmers\/#breadcrumb"},"inLanguage":"de","potentialAction":[{"@type":"ReadAction","target":["https:\/\/dickowvvs.dk\/de\/renovierung-des-badezimmers\/"]}]},{"@type":"BreadcrumbList","@id":"https:\/\/dickowvvs.dk\/de\/renovierung-des-badezimmers\/#breadcrumb","itemListElement":[{"@type":"ListItem","position":1,"name":"Hjem","item":"https:\/\/dickowvvs.dk\/de\/"},{"@type":"ListItem","position":2,"name":"Renovierung des Badezimmers"}]},{"@type":"WebSite","@id":"https:\/\/dickowvvs.dk\/de\/#website","url":"https:\/\/dickowvvs.dk\/de\/","name":"DICKOWS VVS &amp; KLOAK","description":"VVS og varmel\u00f8sninger i Nakskov og Lolland - Varmepumper, pillefyr og jordvarmeanl\u00e6g","publisher":{"@id":"https:\/\/dickowvvs.dk\/de\/#organization"},"potentialAction":[{"@type":"SearchAction","target":{"@type":"EntryPoint","urlTemplate":"https:\/\/dickowvvs.dk\/de\/?s={search_term_string}"},"query-input":{"@type":"PropertyValueSpecification","valueRequired":true,"valueName":"search_term_string"}}],"inLanguage":"de"},{"@type":"Organization","@id":"https:\/\/dickowvvs.dk\/de\/#organization","name":"DICKOWS VVS &amp; KLOAK","url":"https:\/\/dickowvvs.dk\/de\/","logo":{"@type":"ImageObject","inLanguage":"de","@id":"https:\/\/dickowvvs.dk\/de\/#\/schema\/logo\/image\/","url":"https:\/\/dickowvvs.dk\/wp-content\/uploads\/2023\/07\/header-logo-10.jpg","contentUrl":"https:\/\/dickowvvs.dk\/wp-content\/uploads\/2023\/07\/header-logo-10.jpg","width":250,"height":85,"caption":"DICKOWS VVS &amp; KLOAK"},"image":{"@id":"https:\/\/dickowvvs.dk\/de\/#\/schema\/logo\/image\/"}}]}},"_links":{"self":[{"href":"https:\/\/dickowvvs.dk\/de\/wp-json\/wp\/v2\/pages\/4714"}],"collection":[{"href":"https:\/\/dickowvvs.dk\/de\/wp-json\/wp\/v2\/pages"}],"about":[{"href":"https:\/\/dickowvvs.dk\/de\/wp-json\/wp\/v2\/types\/page"}],"author":[{"embeddable":true,"href":"https:\/\/dickowvvs.dk\/de\/wp-json\/wp\/v2\/users\/1"}],"replies":[{"embeddable":true,"href":"https:\/\/dickowvvs.dk\/de\/wp-json\/wp\/v2\/comments?post=4714"}],"version-history":[{"count":14,"href":"https:\/\/dickowvvs.dk\/de\/wp-json\/wp\/v2\/pages\/4714\/revisions"}],"predecessor-version":[{"id":4814,"href":"https:\/\/dickowvvs.dk\/de\/wp-json\/wp\/v2\/pages\/4714\/revisions\/4814"}],"wp:attachment":[{"href":"https:\/\/dickowvvs.dk\/de\/wp-json\/wp\/v2\/media?parent=4714"}],"wp:term":[{"taxonomy":"category","embeddable":true,"href":"https:\/\/dickowvvs.dk\/de\/wp-json\/wp\/v2\/categories?post=4714"}],"curies":[{"name":"wp","href":"https:\/\/api.w.org\/{rel}","templated":true}]}}