{"id":4713,"date":"2023-07-12T17:48:58","date_gmt":"2023-07-12T15:48:58","guid":{"rendered":"https:\/\/dickowvvs.dk\/luft-luft-waermepumpe\/"},"modified":"2025-02-11T15:09:44","modified_gmt":"2025-02-11T14:09:44","slug":"luft-luft-waermepumpe","status":"publish","type":"page","link":"https:\/\/dickowvvs.dk\/de\/luft-luft-waermepumpe\/","title":{"rendered":"Luft-Luft-W\u00e4rmepumpe"},"content":{"rendered":"<section class=\"wpb-content-wrapper\"><p>[vc_row full_width=&#8220;stretch_row&#8220;][vc_column]<div class=\"ult-spacer spacer-69f25531d0c62\" data-id=\"69f25531d0c62\" data-height=\"90\" data-height-mobile=\"60\" data-height-tab=\"90\" data-height-tab-portrait=\"60\" data-height-mobile-landscape=\"60\" style=\"clear:both;display:block;\"><\/div>[vc_column_text]<\/p>\n<h2>Luft-Luft-W\u00e4rmepumpe f\u00fcr Ihr Ferienhaus<\/h2>\n<h4>Bei Dickows VVS og Kloak bieten wir den Verkauf einer Luft-Luft-W\u00e4rmepumpe, einschlie\u00dflich Installation, Montage der W\u00e4rmepumpe und eventuellem Service in Nakskov und dem \u00fcbrigen Lolland Falster an. Wir bieten auch einen Reparaturservice f\u00fcr Ihre aktuelle Pumpe an.<\/h4>\n<p>[\/vc_column_text][vc_empty_space height=&#8220;30px&#8220;][vc_separator color=&#8220;custom&#8220; border_width=&#8220;2&#8243; accent_color=&#8220;#f7f7f7&#8243;][vc_empty_space height=&#8220;30px&#8220;][vc_row_inner][vc_column_inner width=&#8220;1\/2&#8243;][vc_column_text]<\/p>\n<h3>Die Installation einer Luft-Luft-W\u00e4rmepumpe von uns ist g\u00fcnstig<\/h3>\n<p>Der Vorteil einer Luft-Luft-W\u00e4rmepumpe ist, dass sie klein und g\u00fcnstig ist. Deshalb ist diese Pumpe perfekt f\u00fcr ein Ferienhaus geeignet.<\/p>\n<p>Eine Luft-Luft-W\u00e4rmepumpe ist in d\u00e4nischen Ferienh\u00e4usern recht verbreitet, w\u00e4hrend sie in anderen L\u00e4ndern auch in ganzj\u00e4hrig bewohnten H\u00e4usern relativ h\u00e4ufig eingesetzt wird.<\/p>\n<p>Eine Luft-Luft-W\u00e4rmepumpe besteht aus einem Gebl\u00e4se, das warme Luft einbl\u00e4st. Im Gegensatz zu einem Pelletkessel oder einer Luft-Wasser-W\u00e4rmepumpe kann sie aber auch k\u00fchlen und somit als eine Art Klimaanlage fungieren.<\/p>\n<p>Deshalb ist es besonders praktisch, die Pumpe in einem Ferienhaus zu haben. Einige Luft-Luft-W\u00e4rmepumpen k\u00f6nnen auch so eingestellt werden, dass sie \u00fcber den Winter eine Mindesttemperatur im Ferienhaus aufrechterhalten, und einige k\u00f6nnen auf dem Weg zum Ferienhaus in Betrieb genommen werden.<\/p>\n<h3>Haben Sie noch Fragen?<\/h3>\n<p>Wenn Sie Fragen haben oder ein Angebot f\u00fcr die Installation einer W\u00e4rmepumpe oder einen W\u00e4rmepumpenservice einholen m\u00f6chten, rufen Sie uns bitte an unter +45<a href=\"tel:51260435\">51 26 04 35<\/a> oder benutzen Sie <a href=\"https:\/\/dickowvvs.dk\/de\/kontaktieren-sie-uns\/\">das Kontaktformular<\/a>. Wir melden uns immer so schnell wie m\u00f6glich bei Ihnen.[\/vc_column_text]<div class=\"ult-spacer spacer-69f25531d0caa\" data-id=\"69f25531d0caa\" data-height=\"0\" data-height-mobile=\"15\" data-height-tab=\"0\" data-height-tab-portrait=\"0\" data-height-mobile-landscape=\"15\" style=\"clear:both;display:block;\"><\/div>[\/vc_column_inner][vc_column_inner width=&#8220;1\/2&#8243;][vc_column_text]<\/p>\n<h3>Billiger als elektrische Heizung<\/h3>\n<p>Die meisten Menschen entscheiden sich f\u00fcr eine Luft-Luft-W\u00e4rmepumpe als Ersatz f\u00fcr eine Elektroheizung, da sie die Heizkosten um bis zu 50 % senken kann, obwohl auch die Pumpe Strom verbraucht. Eine Luft-Luft-W\u00e4rmepumpe kann jedoch kein Brauchwasser erw\u00e4rmen, aber eine Elektroheizung auch nicht.<\/p>\n<p>Wenn die Pumpe weniger als ein Kilo K\u00e4ltemittel enth\u00e4lt, was bei den meisten Luft-Luft-W\u00e4rmepumpen der Fall ist, ist keine gesetzliche Inspektion erforderlich. Dennoch kann es von Vorteil sein, Ihre Pumpe warten zu lassen.<\/p>\n<h3>Was kostet eine Luft\/Luft-W\u00e4rmepumpe?<\/h3>\n<p>Unsere Preise h\u00e4ngen unter anderem von folgenden Faktoren ab:<\/p>\n<ul>\n<li>Wie viele Quadratmeter die Pumpe beheizen muss<\/li>\n<li>Wie effizient die Pumpe sein sollte<\/li>\n<li>Welchen Hersteller Sie w\u00e4hlen<\/li>\n<li>Egal, ob Sie die W\u00e4rmepumpe selbst gekauft haben und sie nur noch installiert werden muss oder ob wir sie f\u00fcr Sie kaufen sollen.<\/li>\n<\/ul>\n<p>Eine Luft-Luft-W\u00e4rmepumpe ist relativ preiswert in der Anschaffung und auch im Betrieb.[\/vc_column_text][\/vc_column_inner][\/vc_row_inner]<div class=\"ult-spacer spacer-69f25531d0cce\" data-id=\"69f25531d0cce\" data-height=\"90\" data-height-mobile=\"60\" data-height-tab=\"90\" data-height-tab-portrait=\"60\" data-height-mobile-landscape=\"60\" style=\"clear:both;display:block;\"><\/div>[\/vc_column][\/vc_row][vc_row full_width=&#8220;stretch_row&#8220; el_class=&#8220;overlay white cta&#8220; css=&#8220;.vc_custom_1689178841618{background-image: url(https:\/\/dickowvvs.dk\/wp-content\/uploads\/2023\/07\/istock-1395783982.jpg?id=4548) !important;background-position: center !important;background-repeat: no-repeat !important;background-size: cover !important;}&#8220;][vc_column]<div class=\"ult-spacer spacer-69f25531d0ced\" data-id=\"69f25531d0ced\" data-height=\"90\" data-height-mobile=\"60\" data-height-tab=\"90\" data-height-tab-portrait=\"60\" data-height-mobile-landscape=\"60\" style=\"clear:both;display:block;\"><\/div>[vc_row_inner][vc_column_inner width=&#8220;1\/4&#8243;][\/vc_column_inner][vc_column_inner width=&#8220;1\/2&#8243;][vc_column_text]<\/p>\n<h6 style=\"text-align: center;\">Kontaktieren Sie uns heute<\/h6>\n<h3 style=\"text-align: center;\">M\u00f6chten Sie mehr erfahren?<\/h3>\n<p style=\"text-align: center;\">Wenn Sie auf unserer Website keine ausreichenden Informationen zu Ihrer gew\u00fcnschten Aufgabe finden, k\u00f6nnen Sie uns jederzeit f\u00fcr ein unverbindliches Gespr\u00e4ch und m\u00f6glicherweise einen Kostenvoranschlag f\u00fcr den Auftrag kontaktieren.<\/p>\n<p style=\"text-align: center;\">Rufen Sie uns an unter <a href=\"tel:51260435\">(+45) 51 26 04 35<\/a> oder senden Sie eine E-Mail an <a href=\"mailto:steffen@dickowvvsogkloak.dk\">steffen@dickowvvsogkloak.dk.<\/a> Wir werden Ihre Anfrage so schnell wie m\u00f6glich beantworten.<\/p>\n<p>[\/vc_column_text][vc_empty_space height=&#8220;30px&#8220;][vc_btn title=&#8220;Erhalten Sie ein tolles Angebot&#8220; style=&#8220;custom&#8220; custom_background=&#8220;#fc5623&#8243; custom_text=&#8220;#ffffff&#8220; shape=&#8220;square&#8220; align=&#8220;center&#8220; link=&#8220;url:https%3A%2F%2Fdickowvvs.dk%2Fkontakt%2F|title:Kontaktieren%20Sie%20uns|&#8220;][\/vc_column_inner][vc_column_inner width=&#8220;1\/4&#8243;][\/vc_column_inner][\/vc_row_inner]<div class=\"ult-spacer spacer-69f25531d0d09\" data-id=\"69f25531d0d09\" data-height=\"90\" data-height-mobile=\"60\" data-height-tab=\"90\" data-height-tab-portrait=\"60\" data-height-mobile-landscape=\"60\" style=\"clear:both;display:block;\"><\/div>[\/vc_column][\/vc_row]<\/p>\n<\/section>","protected":false},"excerpt":{"rendered":"<p>[vc_row full_width=&#8220;stretch_row&#8220;][vc_column][vc_column_text] Luft-Luft-W\u00e4rmepumpe f\u00fcr Ihr Ferienhaus Bei Dickows VVS og Kloak bieten wir den Verkauf einer Luft-Luft-W\u00e4rmepumpe, einschlie\u00dflich Installation, Montage der W\u00e4rmepumpe und eventuellem Service in Nakskov und dem \u00fcbrigen Lolland Falster an. Wir bieten auch einen Reparaturservice f\u00fcr Ihre aktuelle Pumpe an. [\/vc_column_text][vc_empty_space height=&#8220;30px&#8220;][vc_separator color=&#8220;custom&#8220; border_width=&#8220;2&#8243; accent_color=&#8220;#f7f7f7&#8243;][vc_empty_space height=&#8220;30px&#8220;][vc_row_inner][vc_column_inner width=&#8220;1\/2&#8243;][vc_column_text] Die Installation einer Luft-Luft-W\u00e4rmepumpe von &#8230; <a title=\"Luft-Luft-W\u00e4rmepumpe\" class=\"read-more\" href=\"https:\/\/dickowvvs.dk\/de\/luft-luft-waermepumpe\/\" aria-label=\"Mehr zu Luft-Luft-W\u00e4rmepumpe\">Weiterlesen &#8230;<\/a><\/p>\n","protected":false},"author":1,"featured_media":0,"parent":0,"menu_order":6,"comment_status":"closed","ping_status":"closed","template":"","meta":{"footnotes":""},"categories":[],"acf":[],"yoast_head":"<!-- This site is optimized with the Yoast SEO plugin v24.5 - https:\/\/yoast.com\/wordpress\/plugins\/seo\/ -->\n<title>Luft-Luft-W\u00e4rmepumpe | DICKOWS VVS &amp; KLOAK<\/title>\n<meta name=\"robots\" content=\"index, follow, max-snippet:-1, max-image-preview:large, max-video-preview:-1\" \/>\n<link rel=\"canonical\" href=\"https:\/\/dickowvvs.dk\/de\/luft-luft-waermepumpe\/\" \/>\n<meta property=\"og:locale\" content=\"de_DE\" \/>\n<meta property=\"og:type\" content=\"article\" \/>\n<meta property=\"og:title\" content=\"Luft-Luft-W\u00e4rmepumpe | DICKOWS VVS &amp; KLOAK\" \/>\n<meta property=\"og:description\" content=\"[vc_row full_width=&#8220;stretch_row&#8220;][vc_column][vc_column_text] Luft-Luft-W\u00e4rmepumpe f\u00fcr Ihr Ferienhaus Bei Dickows VVS og Kloak bieten wir den Verkauf einer Luft-Luft-W\u00e4rmepumpe, einschlie\u00dflich Installation, Montage der W\u00e4rmepumpe und eventuellem Service in Nakskov und dem \u00fcbrigen Lolland Falster an. Wir bieten auch einen Reparaturservice f\u00fcr Ihre aktuelle Pumpe an. [\/vc_column_text][vc_empty_space height=&#8220;30px&#8220;][vc_separator color=&#8220;custom&#8220; border_width=&#8220;2&#8243; accent_color=&#8220;#f7f7f7&#8243;][vc_empty_space height=&#8220;30px&#8220;][vc_row_inner][vc_column_inner width=&#8220;1\/2&#8243;][vc_column_text] Die Installation einer Luft-Luft-W\u00e4rmepumpe von ... Weiterlesen ...\" \/>\n<meta property=\"og:url\" content=\"https:\/\/dickowvvs.dk\/de\/luft-luft-waermepumpe\/\" \/>\n<meta property=\"og:site_name\" content=\"DICKOWS VVS &amp; KLOAK\" \/>\n<meta property=\"article:modified_time\" content=\"2025-02-11T14:09:44+00:00\" \/>\n<meta name=\"twitter:card\" content=\"summary_large_image\" \/>\n<meta name=\"twitter:label1\" content=\"Gesch\u00e4tzte Lesezeit\" \/>\n\t<meta name=\"twitter:data1\" content=\"4\u00a0Minuten\" \/>\n<script type=\"application\/ld+json\" class=\"yoast-schema-graph\">{\"@context\":\"https:\/\/schema.org\",\"@graph\":[{\"@type\":\"WebPage\",\"@id\":\"https:\/\/dickowvvs.dk\/de\/luft-luft-waermepumpe\/\",\"url\":\"https:\/\/dickowvvs.dk\/de\/luft-luft-waermepumpe\/\",\"name\":\"Luft-Luft-W\u00e4rmepumpe | DICKOWS VVS &amp; KLOAK\",\"isPartOf\":{\"@id\":\"https:\/\/dickowvvs.dk\/de\/#website\"},\"datePublished\":\"2023-07-12T15:48:58+00:00\",\"dateModified\":\"2025-02-11T14:09:44+00:00\",\"breadcrumb\":{\"@id\":\"https:\/\/dickowvvs.dk\/de\/luft-luft-waermepumpe\/#breadcrumb\"},\"inLanguage\":\"de\",\"potentialAction\":[{\"@type\":\"ReadAction\",\"target\":[\"https:\/\/dickowvvs.dk\/de\/luft-luft-waermepumpe\/\"]}]},{\"@type\":\"BreadcrumbList\",\"@id\":\"https:\/\/dickowvvs.dk\/de\/luft-luft-waermepumpe\/#breadcrumb\",\"itemListElement\":[{\"@type\":\"ListItem\",\"position\":1,\"name\":\"Hjem\",\"item\":\"https:\/\/dickowvvs.dk\/de\/\"},{\"@type\":\"ListItem\",\"position\":2,\"name\":\"Luft-Luft-W\u00e4rmepumpe\"}]},{\"@type\":\"WebSite\",\"@id\":\"https:\/\/dickowvvs.dk\/de\/#website\",\"url\":\"https:\/\/dickowvvs.dk\/de\/\",\"name\":\"DICKOWS VVS &amp; KLOAK\",\"description\":\"VVS og varmel\u00f8sninger i Nakskov og Lolland - Varmepumper, pillefyr og jordvarmeanl\u00e6g\",\"publisher\":{\"@id\":\"https:\/\/dickowvvs.dk\/de\/#organization\"},\"potentialAction\":[{\"@type\":\"SearchAction\",\"target\":{\"@type\":\"EntryPoint\",\"urlTemplate\":\"https:\/\/dickowvvs.dk\/de\/?s={search_term_string}\"},\"query-input\":{\"@type\":\"PropertyValueSpecification\",\"valueRequired\":true,\"valueName\":\"search_term_string\"}}],\"inLanguage\":\"de\"},{\"@type\":\"Organization\",\"@id\":\"https:\/\/dickowvvs.dk\/de\/#organization\",\"name\":\"DICKOWS VVS &amp; KLOAK\",\"url\":\"https:\/\/dickowvvs.dk\/de\/\",\"logo\":{\"@type\":\"ImageObject\",\"inLanguage\":\"de\",\"@id\":\"https:\/\/dickowvvs.dk\/de\/#\/schema\/logo\/image\/\",\"url\":\"https:\/\/dickowvvs.dk\/wp-content\/uploads\/2023\/07\/header-logo-10.jpg\",\"contentUrl\":\"https:\/\/dickowvvs.dk\/wp-content\/uploads\/2023\/07\/header-logo-10.jpg\",\"width\":250,\"height\":85,\"caption\":\"DICKOWS VVS &amp; KLOAK\"},\"image\":{\"@id\":\"https:\/\/dickowvvs.dk\/de\/#\/schema\/logo\/image\/\"}}]}<\/script>\n<!-- \/ Yoast SEO plugin. -->","yoast_head_json":{"title":"Luft-Luft-W\u00e4rmepumpe | DICKOWS VVS &amp; KLOAK","robots":{"index":"index","follow":"follow","max-snippet":"max-snippet:-1","max-image-preview":"max-image-preview:large","max-video-preview":"max-video-preview:-1"},"canonical":"https:\/\/dickowvvs.dk\/de\/luft-luft-waermepumpe\/","og_locale":"de_DE","og_type":"article","og_title":"Luft-Luft-W\u00e4rmepumpe | DICKOWS VVS &amp; KLOAK","og_description":"[vc_row full_width=&#8220;stretch_row&#8220;][vc_column][vc_column_text] Luft-Luft-W\u00e4rmepumpe f\u00fcr Ihr Ferienhaus Bei Dickows VVS og Kloak bieten wir den Verkauf einer Luft-Luft-W\u00e4rmepumpe, einschlie\u00dflich Installation, Montage der W\u00e4rmepumpe und eventuellem Service in Nakskov und dem \u00fcbrigen Lolland Falster an. Wir bieten auch einen Reparaturservice f\u00fcr Ihre aktuelle Pumpe an. [\/vc_column_text][vc_empty_space height=&#8220;30px&#8220;][vc_separator color=&#8220;custom&#8220; border_width=&#8220;2&#8243; accent_color=&#8220;#f7f7f7&#8243;][vc_empty_space height=&#8220;30px&#8220;][vc_row_inner][vc_column_inner width=&#8220;1\/2&#8243;][vc_column_text] Die Installation einer Luft-Luft-W\u00e4rmepumpe von ... Weiterlesen ...","og_url":"https:\/\/dickowvvs.dk\/de\/luft-luft-waermepumpe\/","og_site_name":"DICKOWS VVS &amp; KLOAK","article_modified_time":"2025-02-11T14:09:44+00:00","twitter_card":"summary_large_image","twitter_misc":{"Gesch\u00e4tzte Lesezeit":"4\u00a0Minuten"},"schema":{"@context":"https:\/\/schema.org","@graph":[{"@type":"WebPage","@id":"https:\/\/dickowvvs.dk\/de\/luft-luft-waermepumpe\/","url":"https:\/\/dickowvvs.dk\/de\/luft-luft-waermepumpe\/","name":"Luft-Luft-W\u00e4rmepumpe | DICKOWS VVS &amp; KLOAK","isPartOf":{"@id":"https:\/\/dickowvvs.dk\/de\/#website"},"datePublished":"2023-07-12T15:48:58+00:00","dateModified":"2025-02-11T14:09:44+00:00","breadcrumb":{"@id":"https:\/\/dickowvvs.dk\/de\/luft-luft-waermepumpe\/#breadcrumb"},"inLanguage":"de","potentialAction":[{"@type":"ReadAction","target":["https:\/\/dickowvvs.dk\/de\/luft-luft-waermepumpe\/"]}]},{"@type":"BreadcrumbList","@id":"https:\/\/dickowvvs.dk\/de\/luft-luft-waermepumpe\/#breadcrumb","itemListElement":[{"@type":"ListItem","position":1,"name":"Hjem","item":"https:\/\/dickowvvs.dk\/de\/"},{"@type":"ListItem","position":2,"name":"Luft-Luft-W\u00e4rmepumpe"}]},{"@type":"WebSite","@id":"https:\/\/dickowvvs.dk\/de\/#website","url":"https:\/\/dickowvvs.dk\/de\/","name":"DICKOWS VVS &amp; KLOAK","description":"VVS og varmel\u00f8sninger i Nakskov og Lolland - Varmepumper, pillefyr og jordvarmeanl\u00e6g","publisher":{"@id":"https:\/\/dickowvvs.dk\/de\/#organization"},"potentialAction":[{"@type":"SearchAction","target":{"@type":"EntryPoint","urlTemplate":"https:\/\/dickowvvs.dk\/de\/?s={search_term_string}"},"query-input":{"@type":"PropertyValueSpecification","valueRequired":true,"valueName":"search_term_string"}}],"inLanguage":"de"},{"@type":"Organization","@id":"https:\/\/dickowvvs.dk\/de\/#organization","name":"DICKOWS VVS &amp; KLOAK","url":"https:\/\/dickowvvs.dk\/de\/","logo":{"@type":"ImageObject","inLanguage":"de","@id":"https:\/\/dickowvvs.dk\/de\/#\/schema\/logo\/image\/","url":"https:\/\/dickowvvs.dk\/wp-content\/uploads\/2023\/07\/header-logo-10.jpg","contentUrl":"https:\/\/dickowvvs.dk\/wp-content\/uploads\/2023\/07\/header-logo-10.jpg","width":250,"height":85,"caption":"DICKOWS VVS &amp; KLOAK"},"image":{"@id":"https:\/\/dickowvvs.dk\/de\/#\/schema\/logo\/image\/"}}]}},"_links":{"self":[{"href":"https:\/\/dickowvvs.dk\/de\/wp-json\/wp\/v2\/pages\/4713"}],"collection":[{"href":"https:\/\/dickowvvs.dk\/de\/wp-json\/wp\/v2\/pages"}],"about":[{"href":"https:\/\/dickowvvs.dk\/de\/wp-json\/wp\/v2\/types\/page"}],"author":[{"embeddable":true,"href":"https:\/\/dickowvvs.dk\/de\/wp-json\/wp\/v2\/users\/1"}],"replies":[{"embeddable":true,"href":"https:\/\/dickowvvs.dk\/de\/wp-json\/wp\/v2\/comments?post=4713"}],"version-history":[{"count":2,"href":"https:\/\/dickowvvs.dk\/de\/wp-json\/wp\/v2\/pages\/4713\/revisions"}],"predecessor-version":[{"id":4758,"href":"https:\/\/dickowvvs.dk\/de\/wp-json\/wp\/v2\/pages\/4713\/revisions\/4758"}],"wp:attachment":[{"href":"https:\/\/dickowvvs.dk\/de\/wp-json\/wp\/v2\/media?parent=4713"}],"wp:term":[{"taxonomy":"category","embeddable":true,"href":"https:\/\/dickowvvs.dk\/de\/wp-json\/wp\/v2\/categories?post=4713"}],"curies":[{"name":"wp","href":"https:\/\/api.w.org\/{rel}","templated":true}]}}