{"id":4711,"date":"2023-07-12T17:48:57","date_gmt":"2023-07-12T15:48:57","guid":{"rendered":"https:\/\/dickowvvs.dk\/waermepumpen\/"},"modified":"2025-02-11T15:09:43","modified_gmt":"2025-02-11T14:09:43","slug":"waermepumpen","status":"publish","type":"page","link":"https:\/\/dickowvvs.dk\/de\/waermepumpen\/","title":{"rendered":"W\u00e4rmepumpen"},"content":{"rendered":"<section class=\"wpb-content-wrapper\"><p>[vc_row full_width=&#8220;stretch_row&#8220;][vc_column]<div class=\"ult-spacer spacer-69f2443f13284\" data-id=\"69f2443f13284\" data-height=\"90\" data-height-mobile=\"60\" data-height-tab=\"90\" data-height-tab-portrait=\"60\" data-height-mobile-landscape=\"60\" style=\"clear:both;display:block;\"><\/div>[vc_column_text]<\/p>\n<h2>Professionelle Installation der W\u00e4rmepumpe<\/h2>\n<h4>Wenn Sie Hilfe bei der Installation einer W\u00e4rmepumpe ben\u00f6tigen, sind Sie bei uns genau an der richtigen Adresse. Dickows VVS og Kloak verf\u00fcgt \u00fcber umfassende Kenntnisse und Erfahrungen mit allen Arten von W\u00e4rmepumpen. Wir montieren und installieren Luft-Wasser-W\u00e4rmepumpen, Luft-Luft-W\u00e4rmepumpen und Erdw\u00e4rmepumpen.<\/h4>\n<p>[\/vc_column_text][vc_empty_space height=&#8220;30px&#8220;][vc_separator color=&#8220;custom&#8220; border_width=&#8220;2&#8243; accent_color=&#8220;#f7f7f7&#8243;][vc_empty_space height=&#8220;30px&#8220;][vc_row_inner][vc_column_inner width=&#8220;1\/2&#8243;][vc_column_text]<\/p>\n<h3>\u00dcberlassen Sie uns die Installation Ihrer W\u00e4rmepumpe<\/h3>\n<p>Wir installieren schon seit vielen Jahren W\u00e4rmepumpen f\u00fcr Kunden auf Lolland-Falster, Falster und in Nakskov. Dadurch verf\u00fcgen wir \u00fcber gro\u00dfes Fachwissen, um sowohl einfache als auch komplizierte Projekte im Zusammenhang mit der Montage, Installation und Wartung von W\u00e4rmepumpen zu bew\u00e4ltigen.<\/p>\n<p>Wenn wir Aufgaben f\u00fcr Privat- oder Gesch\u00e4ftskunden ausf\u00fchren, gehen wir immer von den W\u00fcnschen und Bed\u00fcrfnissen unserer Kunden aus. Es ist uns sehr wichtig, Ihnen eine W\u00e4rmepumpenl\u00f6sung zu liefern, mit der Sie viele Jahre lang zufrieden sein werden.<\/p>\n<p>Um die h\u00f6chstm\u00f6gliche Qualit\u00e4t zu gew\u00e4hrleisten, verwenden wir f\u00fcr die Installation und Wartung von W\u00e4rmepumpen nur die besten Produkte von den f\u00fchrenden Anbietern auf dem Markt.<\/p>\n<p>Die Qualit\u00e4t der Produkte, die wir liefern, ist uns sehr wichtig. Deshalb haben wir Ihnen durch unsere Mitgliedschaft bei TEKNIQ eine kostenlose Versicherung gesichert. Sie tritt f\u00fcr den unwahrscheinlichen Fall in Kraft, dass bei der Arbeit etwas schief geht. Dies ist Ihre Garantie f\u00fcr gute Handwerkskunst und solide Ergebnisse.<\/p>\n<h3>Wir machen die Wartung Ihrer W\u00e4rmepumpe einfach<\/h3>\n<p>Sie k\u00f6nnen Dickows VVS sicher nutzen, wenn Sie eine Wartung Ihrer W\u00e4rmepumpe ben\u00f6tigen. Nat\u00fcrlich sind alle unsere Mitarbeiter qualifiziert und verf\u00fcgen \u00fcber umfassende Fachkenntnisse in der Sanit\u00e4rbranche, und wir halten uns in Sachen W\u00e4rmepumpenservice auf dem Laufenden.[\/vc_column_text]<div class=\"ult-spacer spacer-69f2443f132d2\" data-id=\"69f2443f132d2\" data-height=\"0\" data-height-mobile=\"15\" data-height-tab=\"0\" data-height-tab-portrait=\"0\" data-height-mobile-landscape=\"15\" style=\"clear:both;display:block;\"><\/div>[\/vc_column_inner][vc_column_inner width=&#8220;1\/2&#8243;][vc_column_text]<\/p>\n<h3>Wartung der W\u00e4rmepumpe verhindert Sch\u00e4den<\/h3>\n<p>Zum einen ist die \u00dcberpr\u00fcfung von W\u00e4rmepumpen gesetzlich vorgeschrieben. Hinzu kommt, dass die Wartung der W\u00e4rmepumpe, wie jede andere Wartung auch, die Lebensdauer der W\u00e4rmepumpe verl\u00e4ngert, gr\u00f6\u00dfere Sch\u00e4den an der Pumpe verhindert und den Stromverbrauch niedrig h\u00e4lt.<\/p>\n<p>Der Umfang dieses Services h\u00e4ngt von verschiedenen Faktoren ab, darunter Typ und Modell. Normalerweise \u00fcberpr\u00fcfen wir die Einstellung und Dichtheit, optimieren die Umw\u00e4lzpumpe und nehmen verschiedene Messungen vor. Zu guter Letzt werden wir auch die Pumpenfilter reinigen.<\/p>\n<p>Wenn Sie Ihre W\u00e4rmepumpe in den letzten 12 Monaten nicht haben warten lassen, gibt es Anzeichen daf\u00fcr, dass sie gewartet werden muss. Es kann zum Beispiel nicht mehr so gut heizen oder Ger\u00e4usche von sich geben.<\/p>\n<h3>Erfahren Sie mehr \u00fcber die Installation von W\u00e4rmepumpen<\/h3>\n<p>Rufen Sie uns gerne an unter Tel.: +45 <a href=\"tel:51260435\">51 26 04 35<\/a>, damit wir besprechen k\u00f6nnen, welchen Service Sie w\u00fcnschen. Wir unterbreiten Ihnen auch gerne ein unverbindliches Angebot und einen Preis f\u00fcr die Wartung oder Installation einer W\u00e4rmepumpe. Nat\u00fcrlich bieten wir Ihnen fachkundige Anleitung und Beratung zur sp\u00e4teren Nutzung, Wartung und regelm\u00e4\u00dfigen Inspektion. Wir freuen uns darauf, von Ihnen zu h\u00f6ren![\/vc_column_text][\/vc_column_inner][\/vc_row_inner]<div class=\"ult-spacer spacer-69f2443f132fb\" data-id=\"69f2443f132fb\" data-height=\"90\" data-height-mobile=\"60\" data-height-tab=\"90\" data-height-tab-portrait=\"60\" data-height-mobile-landscape=\"60\" style=\"clear:both;display:block;\"><\/div>[\/vc_column][\/vc_row][vc_row full_width=&#8220;stretch_row&#8220; el_class=&#8220;overlay white cta&#8220; css=&#8220;.vc_custom_1689178841618{background-image: url(https:\/\/dickowvvs.dk\/wp-content\/uploads\/2023\/07\/istock-1395783982.jpg?id=4548) !important;background-position: center !important;background-repeat: no-repeat !important;background-size: cover !important;}&#8220;][vc_column]<div class=\"ult-spacer spacer-69f2443f1331e\" data-id=\"69f2443f1331e\" data-height=\"90\" data-height-mobile=\"60\" data-height-tab=\"90\" data-height-tab-portrait=\"60\" data-height-mobile-landscape=\"60\" style=\"clear:both;display:block;\"><\/div>[vc_row_inner][vc_column_inner width=&#8220;1\/4&#8243;][\/vc_column_inner][vc_column_inner width=&#8220;1\/2&#8243;][vc_column_text]<\/p>\n<h6 style=\"text-align: center;\">Kontaktieren Sie uns heute<\/h6>\n<h3 style=\"text-align: center;\">M\u00f6chten Sie mehr erfahren?<\/h3>\n<p style=\"text-align: center;\">Wenn Sie auf unserer Website keine ausreichenden Informationen zu Ihrer gew\u00fcnschten Aufgabe finden, k\u00f6nnen Sie uns jederzeit f\u00fcr ein unverbindliches Gespr\u00e4ch und m\u00f6glicherweise einen Kostenvoranschlag f\u00fcr den Auftrag kontaktieren.<\/p>\n<p style=\"text-align: center;\">Rufen Sie uns an unter <a href=\"tel:51260435\">(+45) 51 26 04 35<\/a> oder senden Sie eine E-Mail an <a href=\"mailto:steffen@dickowvvsogkloak.dk\">steffen@dickowvvsogkloak.dk.<\/a> Wir werden Ihre Anfrage so schnell wie m\u00f6glich beantworten.<\/p>\n<p>[\/vc_column_text][vc_empty_space height=&#8220;30px&#8220;][vc_btn title=&#8220;Erhalten Sie ein tolles Angebot&#8220; style=&#8220;custom&#8220; custom_background=&#8220;#fc5623&#8243; custom_text=&#8220;#ffffff&#8220; shape=&#8220;square&#8220; align=&#8220;center&#8220; link=&#8220;url:https%3A%2F%2Fdickowvvs.dk%2Fkontakt%2F|title:Kontaktieren%20Sie%20uns|&#8220;][\/vc_column_inner][vc_column_inner width=&#8220;1\/4&#8243;][\/vc_column_inner][\/vc_row_inner]<div class=\"ult-spacer spacer-69f2443f1333e\" data-id=\"69f2443f1333e\" data-height=\"90\" data-height-mobile=\"60\" data-height-tab=\"90\" data-height-tab-portrait=\"60\" data-height-mobile-landscape=\"60\" style=\"clear:both;display:block;\"><\/div>[\/vc_column][\/vc_row]<\/p>\n<\/section>","protected":false},"excerpt":{"rendered":"<p>[vc_row full_width=&#8220;stretch_row&#8220;][vc_column][vc_column_text] Professionelle Installation der W\u00e4rmepumpe Wenn Sie Hilfe bei der Installation einer W\u00e4rmepumpe ben\u00f6tigen, sind Sie bei uns genau an der richtigen Adresse. Dickows VVS og Kloak verf\u00fcgt \u00fcber umfassende Kenntnisse und Erfahrungen mit allen Arten von W\u00e4rmepumpen. Wir montieren und installieren Luft-Wasser-W\u00e4rmepumpen, Luft-Luft-W\u00e4rmepumpen und Erdw\u00e4rmepumpen. [\/vc_column_text][vc_empty_space height=&#8220;30px&#8220;][vc_separator color=&#8220;custom&#8220; border_width=&#8220;2&#8243; accent_color=&#8220;#f7f7f7&#8243;][vc_empty_space height=&#8220;30px&#8220;][vc_row_inner][vc_column_inner width=&#8220;1\/2&#8243;][vc_column_text] \u00dcberlassen &#8230; <a title=\"W\u00e4rmepumpen\" class=\"read-more\" href=\"https:\/\/dickowvvs.dk\/de\/waermepumpen\/\" aria-label=\"Mehr zu W\u00e4rmepumpen\">Weiterlesen &#8230;<\/a><\/p>\n","protected":false},"author":1,"featured_media":0,"parent":0,"menu_order":4,"comment_status":"closed","ping_status":"closed","template":"","meta":{"footnotes":""},"categories":[],"acf":[],"yoast_head":"<!-- This site is optimized with the Yoast SEO plugin v24.5 - https:\/\/yoast.com\/wordpress\/plugins\/seo\/ -->\n<title>W\u00e4rmepumpen | DICKOWS VVS &amp; KLOAK<\/title>\n<meta name=\"robots\" content=\"index, follow, max-snippet:-1, max-image-preview:large, max-video-preview:-1\" \/>\n<link rel=\"canonical\" href=\"https:\/\/dickowvvs.dk\/de\/waermepumpen\/\" \/>\n<meta property=\"og:locale\" content=\"de_DE\" \/>\n<meta property=\"og:type\" content=\"article\" \/>\n<meta property=\"og:title\" content=\"W\u00e4rmepumpen | DICKOWS VVS &amp; KLOAK\" \/>\n<meta property=\"og:description\" content=\"[vc_row full_width=&#8220;stretch_row&#8220;][vc_column][vc_column_text] Professionelle Installation der W\u00e4rmepumpe Wenn Sie Hilfe bei der Installation einer W\u00e4rmepumpe ben\u00f6tigen, sind Sie bei uns genau an der richtigen Adresse. Dickows VVS og Kloak verf\u00fcgt \u00fcber umfassende Kenntnisse und Erfahrungen mit allen Arten von W\u00e4rmepumpen. Wir montieren und installieren Luft-Wasser-W\u00e4rmepumpen, Luft-Luft-W\u00e4rmepumpen und Erdw\u00e4rmepumpen. [\/vc_column_text][vc_empty_space height=&#8220;30px&#8220;][vc_separator color=&#8220;custom&#8220; border_width=&#8220;2&#8243; accent_color=&#8220;#f7f7f7&#8243;][vc_empty_space height=&#8220;30px&#8220;][vc_row_inner][vc_column_inner width=&#8220;1\/2&#8243;][vc_column_text] \u00dcberlassen ... Weiterlesen ...\" \/>\n<meta property=\"og:url\" content=\"https:\/\/dickowvvs.dk\/de\/waermepumpen\/\" \/>\n<meta property=\"og:site_name\" content=\"DICKOWS VVS &amp; KLOAK\" \/>\n<meta property=\"article:modified_time\" content=\"2025-02-11T14:09:43+00:00\" \/>\n<meta name=\"twitter:card\" content=\"summary_large_image\" \/>\n<meta name=\"twitter:label1\" content=\"Gesch\u00e4tzte Lesezeit\" \/>\n\t<meta name=\"twitter:data1\" content=\"4\u00a0Minuten\" \/>\n<script type=\"application\/ld+json\" class=\"yoast-schema-graph\">{\"@context\":\"https:\/\/schema.org\",\"@graph\":[{\"@type\":\"WebPage\",\"@id\":\"https:\/\/dickowvvs.dk\/de\/waermepumpen\/\",\"url\":\"https:\/\/dickowvvs.dk\/de\/waermepumpen\/\",\"name\":\"W\u00e4rmepumpen | DICKOWS VVS &amp; KLOAK\",\"isPartOf\":{\"@id\":\"https:\/\/dickowvvs.dk\/de\/#website\"},\"datePublished\":\"2023-07-12T15:48:57+00:00\",\"dateModified\":\"2025-02-11T14:09:43+00:00\",\"breadcrumb\":{\"@id\":\"https:\/\/dickowvvs.dk\/de\/waermepumpen\/#breadcrumb\"},\"inLanguage\":\"de\",\"potentialAction\":[{\"@type\":\"ReadAction\",\"target\":[\"https:\/\/dickowvvs.dk\/de\/waermepumpen\/\"]}]},{\"@type\":\"BreadcrumbList\",\"@id\":\"https:\/\/dickowvvs.dk\/de\/waermepumpen\/#breadcrumb\",\"itemListElement\":[{\"@type\":\"ListItem\",\"position\":1,\"name\":\"Hjem\",\"item\":\"https:\/\/dickowvvs.dk\/de\/\"},{\"@type\":\"ListItem\",\"position\":2,\"name\":\"W\u00e4rmepumpen\"}]},{\"@type\":\"WebSite\",\"@id\":\"https:\/\/dickowvvs.dk\/de\/#website\",\"url\":\"https:\/\/dickowvvs.dk\/de\/\",\"name\":\"DICKOWS VVS &amp; KLOAK\",\"description\":\"VVS og varmel\u00f8sninger i Nakskov og Lolland - Varmepumper, pillefyr og jordvarmeanl\u00e6g\",\"publisher\":{\"@id\":\"https:\/\/dickowvvs.dk\/de\/#organization\"},\"potentialAction\":[{\"@type\":\"SearchAction\",\"target\":{\"@type\":\"EntryPoint\",\"urlTemplate\":\"https:\/\/dickowvvs.dk\/de\/?s={search_term_string}\"},\"query-input\":{\"@type\":\"PropertyValueSpecification\",\"valueRequired\":true,\"valueName\":\"search_term_string\"}}],\"inLanguage\":\"de\"},{\"@type\":\"Organization\",\"@id\":\"https:\/\/dickowvvs.dk\/de\/#organization\",\"name\":\"DICKOWS VVS &amp; KLOAK\",\"url\":\"https:\/\/dickowvvs.dk\/de\/\",\"logo\":{\"@type\":\"ImageObject\",\"inLanguage\":\"de\",\"@id\":\"https:\/\/dickowvvs.dk\/de\/#\/schema\/logo\/image\/\",\"url\":\"https:\/\/dickowvvs.dk\/wp-content\/uploads\/2023\/07\/header-logo-10.jpg\",\"contentUrl\":\"https:\/\/dickowvvs.dk\/wp-content\/uploads\/2023\/07\/header-logo-10.jpg\",\"width\":250,\"height\":85,\"caption\":\"DICKOWS VVS &amp; KLOAK\"},\"image\":{\"@id\":\"https:\/\/dickowvvs.dk\/de\/#\/schema\/logo\/image\/\"}}]}<\/script>\n<!-- \/ Yoast SEO plugin. -->","yoast_head_json":{"title":"W\u00e4rmepumpen | DICKOWS VVS &amp; KLOAK","robots":{"index":"index","follow":"follow","max-snippet":"max-snippet:-1","max-image-preview":"max-image-preview:large","max-video-preview":"max-video-preview:-1"},"canonical":"https:\/\/dickowvvs.dk\/de\/waermepumpen\/","og_locale":"de_DE","og_type":"article","og_title":"W\u00e4rmepumpen | DICKOWS VVS &amp; KLOAK","og_description":"[vc_row full_width=&#8220;stretch_row&#8220;][vc_column][vc_column_text] Professionelle Installation der W\u00e4rmepumpe Wenn Sie Hilfe bei der Installation einer W\u00e4rmepumpe ben\u00f6tigen, sind Sie bei uns genau an der richtigen Adresse. Dickows VVS og Kloak verf\u00fcgt \u00fcber umfassende Kenntnisse und Erfahrungen mit allen Arten von W\u00e4rmepumpen. Wir montieren und installieren Luft-Wasser-W\u00e4rmepumpen, Luft-Luft-W\u00e4rmepumpen und Erdw\u00e4rmepumpen. [\/vc_column_text][vc_empty_space height=&#8220;30px&#8220;][vc_separator color=&#8220;custom&#8220; border_width=&#8220;2&#8243; accent_color=&#8220;#f7f7f7&#8243;][vc_empty_space height=&#8220;30px&#8220;][vc_row_inner][vc_column_inner width=&#8220;1\/2&#8243;][vc_column_text] \u00dcberlassen ... Weiterlesen ...","og_url":"https:\/\/dickowvvs.dk\/de\/waermepumpen\/","og_site_name":"DICKOWS VVS &amp; KLOAK","article_modified_time":"2025-02-11T14:09:43+00:00","twitter_card":"summary_large_image","twitter_misc":{"Gesch\u00e4tzte Lesezeit":"4\u00a0Minuten"},"schema":{"@context":"https:\/\/schema.org","@graph":[{"@type":"WebPage","@id":"https:\/\/dickowvvs.dk\/de\/waermepumpen\/","url":"https:\/\/dickowvvs.dk\/de\/waermepumpen\/","name":"W\u00e4rmepumpen | DICKOWS VVS &amp; KLOAK","isPartOf":{"@id":"https:\/\/dickowvvs.dk\/de\/#website"},"datePublished":"2023-07-12T15:48:57+00:00","dateModified":"2025-02-11T14:09:43+00:00","breadcrumb":{"@id":"https:\/\/dickowvvs.dk\/de\/waermepumpen\/#breadcrumb"},"inLanguage":"de","potentialAction":[{"@type":"ReadAction","target":["https:\/\/dickowvvs.dk\/de\/waermepumpen\/"]}]},{"@type":"BreadcrumbList","@id":"https:\/\/dickowvvs.dk\/de\/waermepumpen\/#breadcrumb","itemListElement":[{"@type":"ListItem","position":1,"name":"Hjem","item":"https:\/\/dickowvvs.dk\/de\/"},{"@type":"ListItem","position":2,"name":"W\u00e4rmepumpen"}]},{"@type":"WebSite","@id":"https:\/\/dickowvvs.dk\/de\/#website","url":"https:\/\/dickowvvs.dk\/de\/","name":"DICKOWS VVS &amp; KLOAK","description":"VVS og varmel\u00f8sninger i Nakskov og Lolland - Varmepumper, pillefyr og jordvarmeanl\u00e6g","publisher":{"@id":"https:\/\/dickowvvs.dk\/de\/#organization"},"potentialAction":[{"@type":"SearchAction","target":{"@type":"EntryPoint","urlTemplate":"https:\/\/dickowvvs.dk\/de\/?s={search_term_string}"},"query-input":{"@type":"PropertyValueSpecification","valueRequired":true,"valueName":"search_term_string"}}],"inLanguage":"de"},{"@type":"Organization","@id":"https:\/\/dickowvvs.dk\/de\/#organization","name":"DICKOWS VVS &amp; KLOAK","url":"https:\/\/dickowvvs.dk\/de\/","logo":{"@type":"ImageObject","inLanguage":"de","@id":"https:\/\/dickowvvs.dk\/de\/#\/schema\/logo\/image\/","url":"https:\/\/dickowvvs.dk\/wp-content\/uploads\/2023\/07\/header-logo-10.jpg","contentUrl":"https:\/\/dickowvvs.dk\/wp-content\/uploads\/2023\/07\/header-logo-10.jpg","width":250,"height":85,"caption":"DICKOWS VVS &amp; KLOAK"},"image":{"@id":"https:\/\/dickowvvs.dk\/de\/#\/schema\/logo\/image\/"}}]}},"_links":{"self":[{"href":"https:\/\/dickowvvs.dk\/de\/wp-json\/wp\/v2\/pages\/4711"}],"collection":[{"href":"https:\/\/dickowvvs.dk\/de\/wp-json\/wp\/v2\/pages"}],"about":[{"href":"https:\/\/dickowvvs.dk\/de\/wp-json\/wp\/v2\/types\/page"}],"author":[{"embeddable":true,"href":"https:\/\/dickowvvs.dk\/de\/wp-json\/wp\/v2\/users\/1"}],"replies":[{"embeddable":true,"href":"https:\/\/dickowvvs.dk\/de\/wp-json\/wp\/v2\/comments?post=4711"}],"version-history":[{"count":4,"href":"https:\/\/dickowvvs.dk\/de\/wp-json\/wp\/v2\/pages\/4711\/revisions"}],"predecessor-version":[{"id":4741,"href":"https:\/\/dickowvvs.dk\/de\/wp-json\/wp\/v2\/pages\/4711\/revisions\/4741"}],"wp:attachment":[{"href":"https:\/\/dickowvvs.dk\/de\/wp-json\/wp\/v2\/media?parent=4711"}],"wp:term":[{"taxonomy":"category","embeddable":true,"href":"https:\/\/dickowvvs.dk\/de\/wp-json\/wp\/v2\/categories?post=4711"}],"curies":[{"name":"wp","href":"https:\/\/api.w.org\/{rel}","templated":true}]}}