{"id":4710,"date":"2023-07-12T17:48:59","date_gmt":"2023-07-12T15:48:59","guid":{"rendered":"https:\/\/dickowvvs.dk\/kachelbrenner\/"},"modified":"2025-02-11T15:09:45","modified_gmt":"2025-02-11T14:09:45","slug":"kachelbrenner","status":"publish","type":"page","link":"https:\/\/dickowvvs.dk\/de\/kachelbrenner\/","title":{"rendered":"Kachelbrenner"},"content":{"rendered":"<section class=\"wpb-content-wrapper\"><p>[vc_row full_width=&#8220;stretch_row&#8220;][vc_column]<div class=\"ult-spacer spacer-69f2562a9eac0\" data-id=\"69f2562a9eac0\" data-height=\"90\" data-height-mobile=\"60\" data-height-tab=\"90\" data-height-tab-portrait=\"60\" data-height-mobile-landscape=\"60\" style=\"clear:both;display:block;\"><\/div>[vc_column_text]<\/p>\n<h2>Holzhackschnitzelkessel zum Heizen Ihres Hauses oder Ihrer Gesch\u00e4ftsr\u00e4ume<\/h2>\n<h4>Professionelle Installation von Holzhackschnitzelkesseln f\u00fcr private und gewerbliche Kunden. Bei Dickows VVS og Kloak in der N\u00e4he von Nakskov bieten wir die Installation von Hackschnitzelkesseln f\u00fcr private Hausbesitzer und verschiedene Arten von gewerblichen Kunden an. Wir fahren zu Auftr\u00e4gen auf ganz Lolland, Falster und Seeland.<\/h4>\n<p>[\/vc_column_text][vc_empty_space height=&#8220;30px&#8220;][vc_separator color=&#8220;custom&#8220; border_width=&#8220;2&#8243; accent_color=&#8220;#f7f7f7&#8243;][vc_empty_space height=&#8220;30px&#8220;][vc_row_inner][vc_column_inner width=&#8220;1\/2&#8243;][vc_column_text]<\/p>\n<h3>Warum Sie uns f\u00fcr die Installation w\u00e4hlen sollten<\/h3>\n<p>Wenn Sie sich daf\u00fcr entscheiden, Ihren Hackschnitzelkessel von unserem Klempnerbetrieb installieren zu lassen, haben Sie die Garantie, dass die Installation autorisiert ist. Wir sind ein Unternehmen, das sich verpflichtet hat, stets professionelle Arbeit von h\u00f6chster Qualit\u00e4t zu leisten, und wir sind sehr stolz darauf, einen tadellosen Service zu bieten.<\/p>\n<p>Wir bieten Ihnen auch einen g\u00fcnstigen Preis f\u00fcr die Installation Ihres Hackschnitzelkessels und erstellen Ihnen gerne einen unverbindlichen Kostenvoranschlag, damit Sie im Voraus wissen, wie viel Sie die Installation einer umweltfreundlichen und effizienten W\u00e4rmequelle in Ihrem Haus oder Unternehmen kosten wird.<\/p>\n<h3>Kontaktieren Sie uns, um mehr zu erfahren oder Antworten auf Ihre Fragen zu erhalten<\/h3>\n<p>Wenn Sie mehr \u00fcber die Vorteile eines Hackschnitzelkessels erfahren m\u00f6chten, oder wenn Sie Fragen zu unseren Preisen oder \u00c4hnlichem haben, k\u00f6nnen Sie uns jederzeit kontaktieren. Wir sind bereit, jede Anfrage zu beantworten und erstellen Ihnen auch gerne ein unverbindliches Angebot f\u00fcr Ihr Projekt[\/vc_column_text]<div class=\"ult-spacer spacer-69f2562a9eb0b\" data-id=\"69f2562a9eb0b\" data-height=\"0\" data-height-mobile=\"15\" data-height-tab=\"0\" data-height-tab-portrait=\"0\" data-height-mobile-landscape=\"15\" style=\"clear:both;display:block;\"><\/div>[\/vc_column_inner][vc_column_inner width=&#8220;1\/2&#8243;][vc_column_text]<\/p>\n<h3>5 Vorteile eines Holzhackschnitzelkessels f\u00fcr die Heizung<\/h3>\n<p>Es gibt mehrere gute Gr\u00fcnde, sich f\u00fcr einen Holzhackschnitzelkessel als Heizquelle f\u00fcr Ihr Haus oder Ihr Unternehmen zu entscheiden. Wir haben daher eine \u00dcbersicht \u00fcber die 5 wichtigsten Vorteile eines Hackschnitzelkessels zusammengestellt:<\/p>\n<ol>\n<li>Sie erhalten eine viel umweltfreundlichere W\u00e4rmequelle als z.B. einen \u00d6lkessel<\/li>\n<li>Sie k\u00f6nnen viel Geld beim Kraftstoff sparen<\/li>\n<li>Sie erhalten ein Heizsystem mit einem sehr hohen Wirkungsgrad<\/li>\n<li>Sie erhalten ein System, das sehr einfach zu pflegen ist<\/li>\n<li>Sie erhalten eine Heizquelle, die sowohl effizient als auch zuverl\u00e4ssig ist<\/li>\n<\/ol>\n<p>[\/vc_column_text][vc_empty_space height=&#8220;30px&#8220;][vc_single_image image=&#8220;4706&#8243; onclick=&#8220;custom_link&#8220; link=&#8220;https:\/\/reka.com\/da\/&#8220;][\/vc_column_inner][\/vc_row_inner]<div class=\"ult-spacer spacer-69f2562a9eb39\" data-id=\"69f2562a9eb39\" data-height=\"90\" data-height-mobile=\"60\" data-height-tab=\"90\" data-height-tab-portrait=\"60\" data-height-mobile-landscape=\"60\" style=\"clear:both;display:block;\"><\/div>[\/vc_column][\/vc_row][vc_row full_width=&#8220;stretch_row&#8220; el_class=&#8220;overlay white cta&#8220; css=&#8220;.vc_custom_1689178841618{background-image: url(https:\/\/dickowvvs.dk\/wp-content\/uploads\/2023\/07\/istock-1395783982.jpg?id=4548) !important;background-position: center !important;background-repeat: no-repeat !important;background-size: cover !important;}&#8220;][vc_column]<div class=\"ult-spacer spacer-69f2562a9eb5c\" data-id=\"69f2562a9eb5c\" data-height=\"90\" data-height-mobile=\"60\" data-height-tab=\"90\" data-height-tab-portrait=\"60\" data-height-mobile-landscape=\"60\" style=\"clear:both;display:block;\"><\/div>[vc_row_inner][vc_column_inner width=&#8220;1\/4&#8243;][\/vc_column_inner][vc_column_inner width=&#8220;1\/2&#8243;][vc_column_text]<\/p>\n<h6 style=\"text-align: center;\">Kontaktieren Sie uns heute<\/h6>\n<h3 style=\"text-align: center;\">M\u00f6chten Sie mehr erfahren?<\/h3>\n<p style=\"text-align: center;\">Wenn Sie auf unserer Website keine ausreichenden Informationen zu Ihrer gew\u00fcnschten Aufgabe finden, k\u00f6nnen Sie uns jederzeit f\u00fcr ein unverbindliches Gespr\u00e4ch und m\u00f6glicherweise einen Kostenvoranschlag f\u00fcr den Auftrag kontaktieren.<\/p>\n<p style=\"text-align: center;\">Rufen Sie uns an unter <a href=\"tel:51260435\">(+45) 51 26 04 35<\/a> oder senden Sie eine E-Mail an <a href=\"mailto:steffen@dickowvvsogkloak.dk\">steffen@dickowvvsogkloak.dk.<\/a> Wir werden Ihre Anfrage so schnell wie m\u00f6glich beantworten.<\/p>\n<p>[\/vc_column_text][vc_empty_space height=&#8220;30px&#8220;][vc_btn title=&#8220;Erhalten Sie ein tolles Angebot&#8220; style=&#8220;custom&#8220; custom_background=&#8220;#fc5623&#8243; custom_text=&#8220;#ffffff&#8220; shape=&#8220;square&#8220; align=&#8220;center&#8220; link=&#8220;url:https%3A%2F%2Fdickowvvs.dk%2Fkontakt%2F|title:Kontaktieren%20Sie%20uns|&#8220;][\/vc_column_inner][vc_column_inner width=&#8220;1\/4&#8243;][\/vc_column_inner][\/vc_row_inner]<div class=\"ult-spacer spacer-69f2562a9eb7c\" data-id=\"69f2562a9eb7c\" data-height=\"90\" data-height-mobile=\"60\" data-height-tab=\"90\" data-height-tab-portrait=\"60\" data-height-mobile-landscape=\"60\" style=\"clear:both;display:block;\"><\/div>[\/vc_column][\/vc_row]<\/p>\n<\/section>","protected":false},"excerpt":{"rendered":"<p>[vc_row full_width=&#8220;stretch_row&#8220;][vc_column][vc_column_text] Holzhackschnitzelkessel zum Heizen Ihres Hauses oder Ihrer Gesch\u00e4ftsr\u00e4ume Professionelle Installation von Holzhackschnitzelkesseln f\u00fcr private und gewerbliche Kunden. Bei Dickows VVS og Kloak in der N\u00e4he von Nakskov bieten wir die Installation von Hackschnitzelkesseln f\u00fcr private Hausbesitzer und verschiedene Arten von gewerblichen Kunden an. Wir fahren zu Auftr\u00e4gen auf ganz Lolland, Falster und Seeland. &#8230; <a title=\"Kachelbrenner\" class=\"read-more\" href=\"https:\/\/dickowvvs.dk\/de\/kachelbrenner\/\" aria-label=\"Mehr zu Kachelbrenner\">Weiterlesen &#8230;<\/a><\/p>\n","protected":false},"author":1,"featured_media":0,"parent":0,"menu_order":10,"comment_status":"closed","ping_status":"closed","template":"","meta":{"footnotes":""},"categories":[],"acf":[],"yoast_head":"<!-- This site is optimized with the Yoast SEO plugin v24.5 - https:\/\/yoast.com\/wordpress\/plugins\/seo\/ -->\n<title>Kachelbrenner | DICKOWS VVS &amp; KLOAK<\/title>\n<meta name=\"robots\" content=\"index, follow, max-snippet:-1, max-image-preview:large, max-video-preview:-1\" \/>\n<link rel=\"canonical\" href=\"https:\/\/dickowvvs.dk\/de\/kachelbrenner\/\" \/>\n<meta property=\"og:locale\" content=\"de_DE\" \/>\n<meta property=\"og:type\" content=\"article\" \/>\n<meta property=\"og:title\" content=\"Kachelbrenner | DICKOWS VVS &amp; KLOAK\" \/>\n<meta property=\"og:description\" content=\"[vc_row full_width=&#8220;stretch_row&#8220;][vc_column][vc_column_text] Holzhackschnitzelkessel zum Heizen Ihres Hauses oder Ihrer Gesch\u00e4ftsr\u00e4ume Professionelle Installation von Holzhackschnitzelkesseln f\u00fcr private und gewerbliche Kunden. Bei Dickows VVS og Kloak in der N\u00e4he von Nakskov bieten wir die Installation von Hackschnitzelkesseln f\u00fcr private Hausbesitzer und verschiedene Arten von gewerblichen Kunden an. Wir fahren zu Auftr\u00e4gen auf ganz Lolland, Falster und Seeland. ... Weiterlesen ...\" \/>\n<meta property=\"og:url\" content=\"https:\/\/dickowvvs.dk\/de\/kachelbrenner\/\" \/>\n<meta property=\"og:site_name\" content=\"DICKOWS VVS &amp; KLOAK\" \/>\n<meta property=\"article:modified_time\" content=\"2025-02-11T14:09:45+00:00\" \/>\n<meta name=\"twitter:card\" content=\"summary_large_image\" \/>\n<meta name=\"twitter:label1\" content=\"Gesch\u00e4tzte Lesezeit\" \/>\n\t<meta name=\"twitter:data1\" content=\"3\u00a0Minuten\" \/>\n<script type=\"application\/ld+json\" class=\"yoast-schema-graph\">{\"@context\":\"https:\/\/schema.org\",\"@graph\":[{\"@type\":\"WebPage\",\"@id\":\"https:\/\/dickowvvs.dk\/de\/kachelbrenner\/\",\"url\":\"https:\/\/dickowvvs.dk\/de\/kachelbrenner\/\",\"name\":\"Kachelbrenner | DICKOWS VVS &amp; KLOAK\",\"isPartOf\":{\"@id\":\"https:\/\/dickowvvs.dk\/de\/#website\"},\"datePublished\":\"2023-07-12T15:48:59+00:00\",\"dateModified\":\"2025-02-11T14:09:45+00:00\",\"breadcrumb\":{\"@id\":\"https:\/\/dickowvvs.dk\/de\/kachelbrenner\/#breadcrumb\"},\"inLanguage\":\"de\",\"potentialAction\":[{\"@type\":\"ReadAction\",\"target\":[\"https:\/\/dickowvvs.dk\/de\/kachelbrenner\/\"]}]},{\"@type\":\"BreadcrumbList\",\"@id\":\"https:\/\/dickowvvs.dk\/de\/kachelbrenner\/#breadcrumb\",\"itemListElement\":[{\"@type\":\"ListItem\",\"position\":1,\"name\":\"Hjem\",\"item\":\"https:\/\/dickowvvs.dk\/de\/\"},{\"@type\":\"ListItem\",\"position\":2,\"name\":\"Kachelbrenner\"}]},{\"@type\":\"WebSite\",\"@id\":\"https:\/\/dickowvvs.dk\/de\/#website\",\"url\":\"https:\/\/dickowvvs.dk\/de\/\",\"name\":\"DICKOWS VVS &amp; KLOAK\",\"description\":\"VVS og varmel\u00f8sninger i Nakskov og Lolland - Varmepumper, pillefyr og jordvarmeanl\u00e6g\",\"publisher\":{\"@id\":\"https:\/\/dickowvvs.dk\/de\/#organization\"},\"potentialAction\":[{\"@type\":\"SearchAction\",\"target\":{\"@type\":\"EntryPoint\",\"urlTemplate\":\"https:\/\/dickowvvs.dk\/de\/?s={search_term_string}\"},\"query-input\":{\"@type\":\"PropertyValueSpecification\",\"valueRequired\":true,\"valueName\":\"search_term_string\"}}],\"inLanguage\":\"de\"},{\"@type\":\"Organization\",\"@id\":\"https:\/\/dickowvvs.dk\/de\/#organization\",\"name\":\"DICKOWS VVS &amp; KLOAK\",\"url\":\"https:\/\/dickowvvs.dk\/de\/\",\"logo\":{\"@type\":\"ImageObject\",\"inLanguage\":\"de\",\"@id\":\"https:\/\/dickowvvs.dk\/de\/#\/schema\/logo\/image\/\",\"url\":\"https:\/\/dickowvvs.dk\/wp-content\/uploads\/2023\/07\/header-logo-10.jpg\",\"contentUrl\":\"https:\/\/dickowvvs.dk\/wp-content\/uploads\/2023\/07\/header-logo-10.jpg\",\"width\":250,\"height\":85,\"caption\":\"DICKOWS VVS &amp; KLOAK\"},\"image\":{\"@id\":\"https:\/\/dickowvvs.dk\/de\/#\/schema\/logo\/image\/\"}}]}<\/script>\n<!-- \/ Yoast SEO plugin. -->","yoast_head_json":{"title":"Kachelbrenner | DICKOWS VVS &amp; KLOAK","robots":{"index":"index","follow":"follow","max-snippet":"max-snippet:-1","max-image-preview":"max-image-preview:large","max-video-preview":"max-video-preview:-1"},"canonical":"https:\/\/dickowvvs.dk\/de\/kachelbrenner\/","og_locale":"de_DE","og_type":"article","og_title":"Kachelbrenner | DICKOWS VVS &amp; KLOAK","og_description":"[vc_row full_width=&#8220;stretch_row&#8220;][vc_column][vc_column_text] Holzhackschnitzelkessel zum Heizen Ihres Hauses oder Ihrer Gesch\u00e4ftsr\u00e4ume Professionelle Installation von Holzhackschnitzelkesseln f\u00fcr private und gewerbliche Kunden. Bei Dickows VVS og Kloak in der N\u00e4he von Nakskov bieten wir die Installation von Hackschnitzelkesseln f\u00fcr private Hausbesitzer und verschiedene Arten von gewerblichen Kunden an. Wir fahren zu Auftr\u00e4gen auf ganz Lolland, Falster und Seeland. ... Weiterlesen ...","og_url":"https:\/\/dickowvvs.dk\/de\/kachelbrenner\/","og_site_name":"DICKOWS VVS &amp; KLOAK","article_modified_time":"2025-02-11T14:09:45+00:00","twitter_card":"summary_large_image","twitter_misc":{"Gesch\u00e4tzte Lesezeit":"3\u00a0Minuten"},"schema":{"@context":"https:\/\/schema.org","@graph":[{"@type":"WebPage","@id":"https:\/\/dickowvvs.dk\/de\/kachelbrenner\/","url":"https:\/\/dickowvvs.dk\/de\/kachelbrenner\/","name":"Kachelbrenner | DICKOWS VVS &amp; KLOAK","isPartOf":{"@id":"https:\/\/dickowvvs.dk\/de\/#website"},"datePublished":"2023-07-12T15:48:59+00:00","dateModified":"2025-02-11T14:09:45+00:00","breadcrumb":{"@id":"https:\/\/dickowvvs.dk\/de\/kachelbrenner\/#breadcrumb"},"inLanguage":"de","potentialAction":[{"@type":"ReadAction","target":["https:\/\/dickowvvs.dk\/de\/kachelbrenner\/"]}]},{"@type":"BreadcrumbList","@id":"https:\/\/dickowvvs.dk\/de\/kachelbrenner\/#breadcrumb","itemListElement":[{"@type":"ListItem","position":1,"name":"Hjem","item":"https:\/\/dickowvvs.dk\/de\/"},{"@type":"ListItem","position":2,"name":"Kachelbrenner"}]},{"@type":"WebSite","@id":"https:\/\/dickowvvs.dk\/de\/#website","url":"https:\/\/dickowvvs.dk\/de\/","name":"DICKOWS VVS &amp; KLOAK","description":"VVS og varmel\u00f8sninger i Nakskov og Lolland - Varmepumper, pillefyr og jordvarmeanl\u00e6g","publisher":{"@id":"https:\/\/dickowvvs.dk\/de\/#organization"},"potentialAction":[{"@type":"SearchAction","target":{"@type":"EntryPoint","urlTemplate":"https:\/\/dickowvvs.dk\/de\/?s={search_term_string}"},"query-input":{"@type":"PropertyValueSpecification","valueRequired":true,"valueName":"search_term_string"}}],"inLanguage":"de"},{"@type":"Organization","@id":"https:\/\/dickowvvs.dk\/de\/#organization","name":"DICKOWS VVS &amp; KLOAK","url":"https:\/\/dickowvvs.dk\/de\/","logo":{"@type":"ImageObject","inLanguage":"de","@id":"https:\/\/dickowvvs.dk\/de\/#\/schema\/logo\/image\/","url":"https:\/\/dickowvvs.dk\/wp-content\/uploads\/2023\/07\/header-logo-10.jpg","contentUrl":"https:\/\/dickowvvs.dk\/wp-content\/uploads\/2023\/07\/header-logo-10.jpg","width":250,"height":85,"caption":"DICKOWS VVS &amp; KLOAK"},"image":{"@id":"https:\/\/dickowvvs.dk\/de\/#\/schema\/logo\/image\/"}}]}},"_links":{"self":[{"href":"https:\/\/dickowvvs.dk\/de\/wp-json\/wp\/v2\/pages\/4710"}],"collection":[{"href":"https:\/\/dickowvvs.dk\/de\/wp-json\/wp\/v2\/pages"}],"about":[{"href":"https:\/\/dickowvvs.dk\/de\/wp-json\/wp\/v2\/types\/page"}],"author":[{"embeddable":true,"href":"https:\/\/dickowvvs.dk\/de\/wp-json\/wp\/v2\/users\/1"}],"replies":[{"embeddable":true,"href":"https:\/\/dickowvvs.dk\/de\/wp-json\/wp\/v2\/comments?post=4710"}],"version-history":[{"count":6,"href":"https:\/\/dickowvvs.dk\/de\/wp-json\/wp\/v2\/pages\/4710\/revisions"}],"predecessor-version":[{"id":4765,"href":"https:\/\/dickowvvs.dk\/de\/wp-json\/wp\/v2\/pages\/4710\/revisions\/4765"}],"wp:attachment":[{"href":"https:\/\/dickowvvs.dk\/de\/wp-json\/wp\/v2\/media?parent=4710"}],"wp:term":[{"taxonomy":"category","embeddable":true,"href":"https:\/\/dickowvvs.dk\/de\/wp-json\/wp\/v2\/categories?post=4710"}],"curies":[{"name":"wp","href":"https:\/\/api.w.org\/{rel}","templated":true}]}}